{"id":5981,"date":"2024-03-20T15:36:06","date_gmt":"2024-03-20T12:36:06","guid":{"rendered":"https:\/\/enxh.com\/cookies\/"},"modified":"2024-12-25T20:27:20","modified_gmt":"2024-12-25T17:27:20","slug":"cookies","status":"publish","type":"page","link":"https:\/\/enxh.com\/fr\/cookies\/","title":{"rendered":"COOKIES"},"content":{"rendered":"\n\t<div id=\"gap-356916298\" class=\"gap-element clearfix\" style=\"display:block; height:auto;\">\n\t\t\n<style>\n#gap-356916298 {\n  padding-top: 80px;\n}\n<\/style>\n\t<\/div>\n\t\n\n\t<div id=\"text-3332589712\" class=\"text\">\n\t\t\n\n<h2 class=\"uppercase\">POLITIQUE EN MATI\u00c8RE DE COOKIES<\/h2>\n\t\t\n<style>\n#text-3332589712 {\n  font-size: 0.8rem;\n  text-align: center;\n  color: rgb(0, 0, 0);\n}\n#text-3332589712 > * {\n  color: rgb(0, 0, 0);\n}\n@media (min-width:550px) {\n  #text-3332589712 {\n    font-size: 0.8rem;\n  }\n}\n@media (min-width:850px) {\n  #text-3332589712 {\n    font-size: 1.65rem;\n  }\n}\n<\/style>\n\t<\/div>\n\t\n\n\t<section class=\"section\" id=\"section_701885209\">\n\t\t<div class=\"section-bg fill\" >\n\t\t\t\t\t\t\t\t\t\n\t\t\t\n\n\t\t<\/div>\n\n\t\t\n\n\t\t<div class=\"section-content relative\">\n\t\t\t\n\n<div class=\"row\"  id=\"row-127007518\">\n\n\n\t<div id=\"col-2015945337\" class=\"col small-12 large-12\"  >\n\t\t\t\t<div class=\"col-inner text-center\"  >\n\t\t\t\n\t\t\t\n\n\t<div id=\"text-263722023\" class=\"text\">\n\t\t\n\n<p>Merci d&rsquo;avoir choisi OrganicTextile.Org pour vos achats. Nous nous engageons \u00e0 assurer votre satisfaction \u00e0 chaque achat. Veuillez lire la politique suivante pour comprendre nos proc\u00e9dures concernant les retours :  <\/p>\n\t\t\n<style>\n#text-263722023 {\n  font-size: 1rem;\n  text-align: center;\n}\n<\/style>\n\t<\/div>\n\t\n\n\t\t<\/div>\n\t\t\t\t\t<\/div>\n\n\t\n\n<\/div>\n\n\t\t<\/div>\n\n\t\t\n<style>\n#section_701885209 {\n  padding-top: 40px;\n  padding-bottom: 40px;\n}\n<\/style>\n\t<\/section>\n\t\n\n\t<section class=\"section\" id=\"section_552798844\">\n\t\t<div class=\"section-bg fill\" >\n\t\t\t\t\t\t\t\t\t\n\t\t\t\n\n\t\t<\/div>\n\n\t\t\n\n\t\t<div class=\"section-content relative\">\n\t\t\t\n\n<div class=\"row\"  id=\"row-2133394378\">\n\n\n\t<div id=\"col-1852890253\" class=\"col small-12 large-12\"  >\n\t\t\t\t<div class=\"col-inner text-center\"  >\n\t\t\t\n\t\t\t\n\n\t<div id=\"text-3717595935\" class=\"text\">\n\t\t\n\n<p><strong>POLITIQUE EN MATI\u00c8RE DE COOKIES<\/strong><\/p>\n<p>Derni\u00e8re mise \u00e0 jour le 20 mars 2024<\/p>\n<p>Cette politique en mati\u00e8re de cookies explique comment A2 ALLIANCE LTD. (\u00ab\u00a0la soci\u00e9t\u00e9\u00a0\u00bb, \u00ab\u00a0nous\u00a0\u00bb, \u00ab\u00a0notre\u00a0\u00bb et \u00ab\u00a0nos\u00a0\u00bb) utilise des cookies et des technologies similaires pour vous reconna\u00eetre lorsque vous visitez notre site web \u00e0 l&rsquo;adresse https:\/\/enxh.com (\u00ab\u00a0le site web\u00a0\u00bb). Elle explique ce que sont ces technologies et pourquoi nous les utilisons, ainsi que les droits dont vous disposez pour contr\u00f4ler l&rsquo;utilisation que nous en faisons. <\/p>\n<p>Dans certains cas, nous pouvons utiliser des cookies pour collecter des informations personnelles, ou qui deviennent des informations personnelles si nous les combinons avec d&rsquo;autres informations.<\/p>\n<p><strong>Qu&rsquo;est-ce qu&rsquo;un biscuit ?<\/strong><\/p>\n<p>Les cookies sont de petits fichiers de donn\u00e9es qui sont plac\u00e9s sur votre ordinateur ou votre appareil mobile lorsque vous visitez un site web. Les cookies sont largement utilis\u00e9s par les propri\u00e9taires de sites web afin de faire fonctionner leurs sites, ou de les faire fonctionner plus efficacement, ainsi que pour fournir des informations de reporting. Les cookies mis en place par le propri\u00e9taire du site web (dans le cas pr\u00e9sent, A2 ALLIANCE LTD.) sont appel\u00e9s \u00ab\u00a0cookies de premi\u00e8re partie\u00a0\u00bb. Les cookies mis en place par des parties autres que le propri\u00e9taire du site sont appel\u00e9s \u00ab\u00a0cookies de tiers\u00a0\u00bb. Les cookies de tiers permettent de fournir des caract\u00e9ristiques ou des fonctionnalit\u00e9s de tiers sur ou via le site web (par exemple, la publicit\u00e9, le contenu interactif et l&rsquo;analyse). Les parties qui installent ces cookies de tiers peuvent reconna\u00eetre votre ordinateur lorsqu&rsquo;il visite le site web en question, mais aussi lorsqu&rsquo;il visite certains autres sites web.     <\/p>\n<p><strong>Pourquoi utilisons-nous des cookies ?<\/strong><\/p>\n<p>Nous utilisons des cookies de premi\u00e8re et de tierce partie pour plusieurs raisons. Certains cookies sont n\u00e9cessaires pour des raisons techniques au fonctionnement de notre site web, et nous les appelons cookies \u00ab\u00a0essentiels\u00a0\u00bb ou \u00ab\u00a0strictement n\u00e9cessaires\u00a0\u00bb. D&rsquo;autres cookies nous permettent \u00e9galement de suivre et de cibler les int\u00e9r\u00eats de nos utilisateurs afin d&rsquo;am\u00e9liorer l&rsquo;exp\u00e9rience sur nos propri\u00e9t\u00e9s en ligne. Des tiers utilisent des cookies sur notre site web \u00e0 des fins de publicit\u00e9, d&rsquo;analyse et autres. Ces cookies sont d\u00e9crits plus en d\u00e9tail ci-dessous.    <\/p>\n<p><strong>Comment puis-je contr\u00f4ler les cookies ?<\/strong><\/p>\n<p>Vous avez le droit d&rsquo;accepter ou de refuser les cookies. Vous pouvez exercer vos droits en mati\u00e8re de cookies en d\u00e9finissant vos pr\u00e9f\u00e9rences dans le gestionnaire de consentement aux cookies. Le gestionnaire de consentement aux cookies vous permet de s\u00e9lectionner les cat\u00e9gories de cookies que vous acceptez ou refusez. Les cookies essentiels ne peuvent pas \u00eatre rejet\u00e9s car ils sont strictement n\u00e9cessaires pour vous fournir des services.   <\/p>\n<p>Le gestionnaire de consentement aux cookies se trouve dans la banni\u00e8re de notification et sur notre site web. Si vous choisissez de refuser les cookies, vous pouvez toujours utiliser notre site web, mais votre acc\u00e8s \u00e0 certaines fonctionnalit\u00e9s et zones de notre site web peut \u00eatre limit\u00e9. Vous pouvez \u00e9galement param\u00e9trer ou modifier les contr\u00f4les de votre navigateur web afin d&rsquo;accepter ou de refuser les cookies.  <\/p>\n<p>Les types sp\u00e9cifiques de cookies de premi\u00e8re et de tierce partie utilis\u00e9s sur notre site web et les objectifs qu&rsquo;ils poursuivent sont d\u00e9crits dans le tableau ci-dessous (veuillez noter que les cookies sp\u00e9cifiques utilis\u00e9s peuvent varier en fonction des propri\u00e9t\u00e9s en ligne que vous visitez) :<\/p>\n<p>Cookies de performance et de fonctionnalit\u00e9 :<\/p>\n<p>Ces cookies sont utilis\u00e9s pour am\u00e9liorer les performances et la fonctionnalit\u00e9 de notre site web, mais ne sont pas essentiels \u00e0 son utilisation. Toutefois, sans ces cookies, certaines fonctionnalit\u00e9s (comme les vid\u00e9os) peuvent devenir indisponibles. <\/p>\n<p>Nom : wc_cart_created<\/p>\n<p>Objectif : Aide WooCommerce \u00e0 d\u00e9terminer si le contenu ou les donn\u00e9es du panier ont \u00e9t\u00e9 modifi\u00e9s.<\/p>\n<p>Fournisseur : ENXH.COM<\/p>\n<p>Service : WooCommerce <a href=\"https:\/\/woocommerce.com\/document\/woocommerce-cookies\/\">Voir le service Politique de confidentialit\u00e9<\/a><\/p>\n<p>Type : html_session_storage<\/p>\n<p>Expire dans : session<\/p>\n<p>Nom : tk_or<\/p>\n<p>Objectif : Ce cookie est d\u00e9fini par le plugin JetPack sur les sites utilisant WooCommerce. Il s&rsquo;agit d&rsquo;un cookie de r\u00e9f\u00e9rence utilis\u00e9 pour analyser le comportement des r\u00e9f\u00e9rents pour Jetpack. <\/p>\n<p>Fournisseur : .ENXH.COM<\/p>\n<p>Service : Jetpack <a href=\"https:\/\/jetpack.com\/support\/cookies\/\">Voir la politique de confidentialit\u00e9 du service<\/a><\/p>\n<p>Type : http_cookie<\/p>\n<p>Expire dans : 1 an 1 mois 4 jours<\/p>\n<p>Nom : woocommerce_items_in_cart<\/p>\n<p>Objectif : Aide WooCommerce \u00e0 d\u00e9terminer si le contenu ou les donn\u00e9es du panier ont \u00e9t\u00e9 modifi\u00e9s.<\/p>\n<p>Fournisseur : ENXH.COM<\/p>\n<p>Service : WooCommerce <a href=\"https:\/\/automattic.com\/privacy\/\">Voir le service Politique de confidentialit\u00e9<\/a><\/p>\n<p>Type : server_cookie<\/p>\n<p>Expire dans : session<\/p>\n<p>Nom : tk_lr<\/p>\n<p>Objectif : Ce cookie est d\u00e9fini par le plugin JetPack sur les sites utilisant WooCommerce. Il s&rsquo;agit d&rsquo;un cookie de r\u00e9f\u00e9rence utilis\u00e9 pour analyser le comportement des r\u00e9f\u00e9rents pour Jetpack. <\/p>\n<p>Fournisseur : .ENXH.COM<\/p>\n<p>Service : Jetpack <a href=\"https:\/\/jetpack.com\/support\/cookies\/\">Voir la politique de confidentialit\u00e9 du service<\/a><\/p>\n<p>Type : http_cookie<\/p>\n<p>Expire dans : 11 mois 30 jours<\/p>\n<p>Nom : woocommerce_cart_hash<\/p>\n<p>Objectif : Aide WooCommerce \u00e0 d\u00e9terminer si le contenu ou les donn\u00e9es du panier ont \u00e9t\u00e9 modifi\u00e9s.<\/p>\n<p>Fournisseur : ENXH.COM<\/p>\n<p>Service : WooCommerce <a href=\"https:\/\/automattic.com\/privacy\/\">Voir le service Politique de confidentialit\u00e9<\/a><\/p>\n<p>Type : server_cookie<\/p>\n<p>Expire dans : session<\/p>\n<p>Nom : PHPSESSID<\/p>\n<p>Objet : Cookie g\u00e9n\u00e9r\u00e9 par les applications bas\u00e9es sur le langage PHP. Il s&rsquo;agit d&rsquo;un identifiant \u00e0 usage g\u00e9n\u00e9ral utilis\u00e9 pour maintenir les variables de session de l&rsquo;utilisateur. Il s&rsquo;agit normalement d&rsquo;un nombre g\u00e9n\u00e9r\u00e9 de mani\u00e8re al\u00e9atoire. La mani\u00e8re dont il est utilis\u00e9 peut \u00eatre sp\u00e9cifique au site, mais un bon exemple est le maintien du statut de connexion d&rsquo;un utilisateur entre les pages.  <\/p>\n<p>Fournisseur : ENXH.COM<\/p>\n<p>Service : PHP.net <a href=\"https:\/\/www.php.net\/privacy.php\">Voir la politique de confidentialit\u00e9 du service<\/a><\/p>\n<p>Type : server_cookie<\/p>\n<p>Expire dans : session<\/p>\n<p><strong>Cookies d&rsquo;analyse et de personnalisation :<\/strong><\/p>\n<p>Ces cookies collectent des informations qui sont utilis\u00e9es soit sous forme agr\u00e9g\u00e9e pour nous aider \u00e0 comprendre comment notre site web est utilis\u00e9 ou quelle est l&rsquo;efficacit\u00e9 de nos campagnes de marketing, soit pour nous aider \u00e0 personnaliser notre site web pour vous.<\/p>\n<p>Nom : t.gif<\/p>\n<p>Fournisseur : pixel.wp.com<\/p>\n<p>Type : pixel_tracker<\/p>\n<p>Expire dans : session<\/p>\n<p>Nom : tk_r3d<\/p>\n<p>Objectif : Le cookie est install\u00e9 par JetPack. Il est utilis\u00e9 pour les mesures internes des activit\u00e9s de l&rsquo;utilisateur afin d&rsquo;am\u00e9liorer l&rsquo;exp\u00e9rience de l&rsquo;utilisateur. <\/p>\n<p>Fournisseur : ENXH.COM<\/p>\n<p>Service : Jetpack <a href=\"https:\/\/jetpack.com\/support\/cookies\/\">Voir la politique de confidentialit\u00e9 du service<\/a><\/p>\n<p>Type : http_cookie<\/p>\n<p>Expire dans : 2 jours<\/p>\n<p>Nom : g.gif<\/p>\n<p>Fournisseur : pixel.wp.com<\/p>\n<p>Type : pixel_tracker<\/p>\n<p>Expire dans : session<\/p>\n<p><strong>Cookies publicitaires :<\/strong><\/p>\n<p>Ces cookies sont utilis\u00e9s pour rendre les messages publicitaires plus pertinents pour vous. Ils remplissent des fonctions telles que la pr\u00e9vention de la r\u00e9apparition continue de la m\u00eame publicit\u00e9, la garantie que les publicit\u00e9s sont correctement affich\u00e9es pour les annonceurs et, dans certains cas, la s\u00e9lection de publicit\u00e9s bas\u00e9es sur vos centres d&rsquo;int\u00e9r\u00eat. <\/p>\n<p>Nom : wc_fragments_#<\/p>\n<p>Objet : utilis\u00e9 pour m\u00e9moriser les articles qu&rsquo;un utilisateur a plac\u00e9s dans un panier d&rsquo;achat et s&rsquo;assurer que la fonctionnalit\u00e9 du panier fonctionne parfaitement.<\/p>\n<p>Fournisseur : ENXH.COM<\/p>\n<p>Service : WooCommerce <a href=\"https:\/\/wordpress.org\/about\/privacy\/cookies\/\">Voir le service Politique de confidentialit\u00e9<\/a><\/p>\n<p>Type : html_session_storage<\/p>\n<p>Expire dans : session<\/p>\n<p><strong>Cookies non classifi\u00e9s :<\/strong><\/p>\n<p>Il s&rsquo;agit de cookies qui n&rsquo;ont pas encore \u00e9t\u00e9 class\u00e9s. Nous sommes en train de classer ces cookies avec l&rsquo;aide de leurs fournisseurs. <\/p>\n<p>Name: wc_cart_hash_043a7f079470c715d5d56d221eecfac2<\/p>\n<p>Fournisseur : ENXH.COM<\/p>\n<p>Type : html_local_storage<\/p>\n<p>Expire en : persistant<\/p>\n<p>Nom : sbjs_current<\/p>\n<p>Fournisseur : .ENXH.COM<\/p>\n<p>Type : http_cookie<\/p>\n<p>Expire dans : session<\/p>\n<p>Nom : sbjs_udata<\/p>\n<p>Fournisseur : .ENXH.COM<\/p>\n<p>Type : http_cookie<\/p>\n<p>Expire dans : session<\/p>\n<p>Nom : sbjs_first_add<\/p>\n<p>Fournisseur : .ENXH.COM<\/p>\n<p>Type : http_cookie<\/p>\n<p>Expire dans : session<\/p>\n<p>Nom : tk_qs<\/p>\n<p>Fournisseur : .ENXH.COM<\/p>\n<p>Type : http_cookie<\/p>\n<p>Expire en : 29 minutes<\/p>\n<p>Name: wp_woocommerce_session_0d0c5353ba3676d9c3bc0723298b27ab<\/p>\n<p>Fournisseur : ENXH.COM<\/p>\n<p>Type : server_cookie<\/p>\n<p>Expire dans : 2 jours<\/p>\n<p>Nom : sbjs_migrations<\/p>\n<p>Fournisseur : .ENXH.COM<\/p>\n<p>Expire dans : session<\/p>\n<p>Nom : wpEmojiSettingsSupports<\/p>\n<p>Fournisseur : ENXH.COM<\/p>\n<p>Type : html_session_storage<\/p>\n<p>Expire dans : session<\/p>\n<p>Nom : tk_ai<\/p>\n<p>Fournisseur : .ENXH.COM<\/p>\n<p>Type : http_cookie<\/p>\n<p>Expire dans : 1 an 1 mois 4 jours<\/p>\n<p>Nom : sbjs_current_add<\/p>\n<p>Fournisseur : .ENXH.COM<\/p>\n<p>Type : http_cookie<\/p>\n<p>Expire dans : session<\/p>\n<p>Nom : sbjs_session<\/p>\n<p>Fournisseur : .ENXH.COM<\/p>\n<p>Type : http_cookie<\/p>\n<p>Expire en : 29 minutes<\/p>\n<p>Nom : sbjs_first<\/p>\n<p>Fournisseur : .ENXH.COM<\/p>\n<p>Type : http_cookie<\/p>\n<p>Expire dans : session<\/p>\n<p><strong>Comment puis-je contr\u00f4ler les cookies dans mon navigateur ?<\/strong><\/p>\n<p>Comme les moyens de refuser les cookies par le biais des commandes de votre navigateur web varient d&rsquo;un navigateur \u00e0 l&rsquo;autre, vous devriez consulter le menu d&rsquo;aide de votre navigateur pour plus d&rsquo;informations. Vous trouverez ci-dessous des informations sur la mani\u00e8re de g\u00e9rer les cookies dans les navigateurs les plus courants : <\/p>\n<p><a href=\"https:\/\/support.google.com\/chrome\/answer\/95647#zippy=%2Callow-or-block-cookies\">Chrome<\/a><\/p>\n<p><a href=\"https:\/\/support.microsoft.com\/en-us\/windows\/delete-and-manage-cookies-168dab11-0753-043d-7c16-ede5947fc64d\">Internet Explorer<\/a><\/p>\n<p><a href=\"https:\/\/support.mozilla.org\/en-US\/kb\/enhanced-tracking-protection-firefox-desktop?redirectslug=enable-and-disable-cookies-website-preferences&amp;redirectlocale=en-US\">Firefox<\/a><\/p>\n<p><a href=\"https:\/\/support.apple.com\/en-ie\/guide\/safari\/sfri11471\/mac\">Safari<\/a><\/p>\n<p><a href=\"https:\/\/support.microsoft.com\/en-us\/windows\/microsoft-edge-browsing-data-and-privacy-bb8174ba-9d73-dcf2-9b4a-c582b4e640dd\">Bord<\/a><\/p>\n<p><a href=\"https:\/\/help.opera.com\/en\/latest\/web-preferences\/\">Op\u00e9ra<\/a><\/p>\n<p>En outre, la plupart des r\u00e9seaux publicitaires vous offrent la possibilit\u00e9 de refuser la publicit\u00e9 cibl\u00e9e. Si vous souhaitez obtenir de plus amples informations, veuillez consulter le site : <\/p>\n<p><a href=\"http:\/\/www.aboutads.info\/choices\/\">Alliance pour la publicit\u00e9 num\u00e9rique<\/a><\/p>\n<p><a href=\"https:\/\/youradchoices.ca\/\">Alliance de la publicit\u00e9 num\u00e9rique du Canada<\/a><\/p>\n<p><a href=\"http:\/\/www.youronlinechoices.com\/\">Alliance europ\u00e9enne de la publicit\u00e9 num\u00e9rique interactive<\/a><\/p>\n<p><strong>Qu&rsquo;en est-il des autres technologies de suivi, comme les balises web ?<\/strong><\/p>\n<p>Les cookies ne sont pas le seul moyen de reconna\u00eetre ou de suivre les visiteurs d&rsquo;un site web. Nous pouvons utiliser d&rsquo;autres technologies similaires de temps \u00e0 autre, comme les balises web (parfois appel\u00e9es \u00ab\u00a0pixels de suivi\u00a0\u00bb ou \u00ab\u00a0pixels invisibles\u00a0\u00bb). Il s&rsquo;agit de minuscules fichiers graphiques contenant un identifiant unique qui nous permet de savoir si quelqu&rsquo;un a visit\u00e9 notre site web ou ouvert un courrier \u00e9lectronique les contenant. Cela nous permet, par exemple, de suivre les sch\u00e9mas de trafic des utilisateurs d&rsquo;une page \u00e0 l&rsquo;autre d&rsquo;un site web, de d\u00e9livrer des cookies ou de communiquer avec eux, de comprendre si vous \u00eates arriv\u00e9 sur le site web \u00e0 partir d&rsquo;une publicit\u00e9 en ligne affich\u00e9e sur le site web d&rsquo;un tiers, d&rsquo;am\u00e9liorer les performances du site et de mesurer le succ\u00e8s des campagnes de marketing par courrier \u00e9lectronique. Dans de nombreux cas, ces technologies d\u00e9pendent des cookies pour fonctionner correctement et le fait de refuser les cookies nuira \u00e0 leur fonctionnement.    <\/p>\n<p><strong>Utilisez-vous des cookies Flash ou des objets locaux partag\u00e9s ?<\/strong><\/p>\n<p>Les sites web peuvent \u00e9galement utiliser des \u00ab\u00a0Flash Cookies\u00a0\u00bb (\u00e9galement connus sous le nom de Local Shared Objects ou \u00ab\u00a0LSO\u00a0\u00bb) pour, entre autres, collecter et stocker des informations sur votre utilisation de nos services, pr\u00e9venir les fraudes et assurer d&rsquo;autres op\u00e9rations sur le site.<\/p>\n<p>Si vous ne souhaitez pas que des cookies Flash soient stock\u00e9s sur votre ordinateur, vous pouvez ajuster les param\u00e8tres de votre lecteur Flash afin de bloquer le stockage des cookies Flash \u00e0 l&rsquo;aide des outils contenus dans la page  <a href=\"http:\/\/www.macromedia.com\/support\/documentation\/en\/flashplayer\/help\/settings_manager07.html\">Panneau des param\u00e8tres de stockage du site web.<\/a>  Vous pouvez \u00e9galement contr\u00f4ler les cookies Flash en vous rendant dans la rubrique  <a href=\"http:\/\/www.macromedia.com\/support\/documentation\/en\/flashplayer\/help\/settings_manager03.html\">Panneau des param\u00e8tres globaux de stockage<\/a>  et en suivant les instructions (qui peuvent comprendre des instructions expliquant, par exemple, comment supprimer les cookies Flash existants (appel\u00e9s \u00ab\u00a0informations\u00a0\u00bb sur le site de Macromedia), comment emp\u00eacher les Flash LSO d&rsquo;\u00eatre plac\u00e9s sur votre ordinateur sans que vous le demandiez et (pour Flash Player 8 et les versions ult\u00e9rieures) comment bloquer les cookies Flash qui ne sont pas d\u00e9livr\u00e9s par l&rsquo;op\u00e9rateur de la page sur laquelle vous vous trouvez \u00e0 ce moment-l\u00e0).<\/p>\n<p>Veuillez noter que le fait de param\u00e9trer Flash Player pour restreindre ou limiter l&rsquo;acceptation des cookies Flash peut r\u00e9duire ou entraver la fonctionnalit\u00e9 de certaines applications Flash, y compris, potentiellement, les applications Flash utilis\u00e9es en relation avec nos services ou notre contenu en ligne.<\/p>\n<p><strong>Faites-vous de la publicit\u00e9 cibl\u00e9e ?<\/strong><\/p>\n<p>Des tiers peuvent placer des cookies sur votre ordinateur ou votre appareil mobile pour diffuser de la publicit\u00e9 sur notre site web. Ces soci\u00e9t\u00e9s peuvent utiliser les informations relatives \u00e0 vos visites sur ce site et sur d&rsquo;autres sites web afin de vous proposer des publicit\u00e9s pertinentes sur des biens et des services susceptibles de vous int\u00e9resser. Ils peuvent \u00e9galement utiliser des technologies permettant de mesurer l&rsquo;efficacit\u00e9 des publicit\u00e9s. Ils peuvent le faire en utilisant des cookies ou des balises web pour collecter des informations sur vos visites sur ce site et d&rsquo;autres sites afin de vous proposer des publicit\u00e9s pertinentes sur les biens et services susceptibles de vous int\u00e9resser. Les informations collect\u00e9es par ce biais ne nous permettent pas ou ne leur permettent pas d&rsquo;identifier votre nom, vos coordonn\u00e9es ou d&rsquo;autres d\u00e9tails qui vous identifient directement, \u00e0 moins que vous ne choisissiez de les fournir.<\/p>\n<p><strong>\u00c0 quelle fr\u00e9quence mettrez-vous \u00e0 jour cette politique en mati\u00e8re de cookies ?<\/strong><\/p>\n<p>Nous pouvons mettre \u00e0 jour la pr\u00e9sente politique en mati\u00e8re de cookies de temps \u00e0 autre afin de refl\u00e9ter, par exemple, les changements apport\u00e9s aux cookies que nous utilisons ou pour d&rsquo;autres raisons op\u00e9rationnelles, juridiques ou r\u00e9glementaires. Nous vous invitons donc \u00e0 consulter r\u00e9guli\u00e8rement la pr\u00e9sente politique en mati\u00e8re de cookies pour vous tenir inform\u00e9s de l&rsquo;utilisation que nous faisons des cookies et des technologies connexes.<\/p>\n<p>La date figurant en haut de la pr\u00e9sente politique en mati\u00e8re de cookies indique la date de sa derni\u00e8re mise \u00e0 jour.<\/p>\n<p><strong>O\u00f9 puis-je obtenir de plus amples informations ?<\/strong><\/p>\n<p>Si vous avez des questions sur notre utilisation des cookies ou d&rsquo;autres technologies, veuillez nous envoyer un courrier \u00e9lectronique \u00e0 l&rsquo;adresse <span \n                data-original-string='KYZIeJiVwDJv84yRVUHDYQ==127cbM9KPQcW\/azgTNebV0s\/o4n4uf3EFrVD56yTxy14YQ='\n                class='apbct-email-encoder'\n                title='This contact has been encoded by Anti-Spam by CleanTalk. Click to decode. To finish the decoding make sure that JavaScript is enabled in your browser.'>as<span class=\"apbct-blur\">*********<\/span>@<span class=\"apbct-blur\">***<\/span>il.com<\/span> ou un courrier postal \u00e0 l&rsquo;adresse suivante :<\/p>\n<p>A2 ALLIANCE LTD.<\/p>\n<p>71 &#8211; 75 Shelton Street WC2H 9JQ<\/p>\n<p>Londres WC2H 9JQ<\/p>\n<p>Royaume-Uni<\/p>\n<p>T\u00e9l\u00e9phone : (+48)508482525<\/p>\n\t\t\n<style>\n#text-3717595935 {\n  text-align: left;\n}\n<\/style>\n\t<\/div>\n\t\n\n\t\t<\/div>\n\t\t\t\t\t<\/div>\n\n\t\n\n<\/div>\n\n\t\t<\/div>\n\n\t\t\n<style>\n#section_552798844 {\n  padding-top: 40px;\n  padding-bottom: 40px;\n}\n<\/style>\n\t<\/section>\n\t\n\n","protected":false},"excerpt":{"rendered":"","protected":false},"author":1,"featured_media":0,"parent":0,"menu_order":0,"comment_status":"closed","ping_status":"closed","template":"page-blank.php","meta":{"footnotes":""},"class_list":["post-5981","page","type-page","status-publish","hentry"],"jetpack_sharing_enabled":true,"_links":{"self":[{"href":"https:\/\/enxh.com\/fr\/wp-json\/wp\/v2\/pages\/5981","targetHints":{"allow":["GET"]}}],"collection":[{"href":"https:\/\/enxh.com\/fr\/wp-json\/wp\/v2\/pages"}],"about":[{"href":"https:\/\/enxh.com\/fr\/wp-json\/wp\/v2\/types\/page"}],"author":[{"embeddable":true,"href":"https:\/\/enxh.com\/fr\/wp-json\/wp\/v2\/users\/1"}],"replies":[{"embeddable":true,"href":"https:\/\/enxh.com\/fr\/wp-json\/wp\/v2\/comments?post=5981"}],"version-history":[{"count":1,"href":"https:\/\/enxh.com\/fr\/wp-json\/wp\/v2\/pages\/5981\/revisions"}],"predecessor-version":[{"id":5982,"href":"https:\/\/enxh.com\/fr\/wp-json\/wp\/v2\/pages\/5981\/revisions\/5982"}],"wp:attachment":[{"href":"https:\/\/enxh.com\/fr\/wp-json\/wp\/v2\/media?parent=5981"}],"curies":[{"name":"wp","href":"https:\/\/api.w.org\/{rel}","templated":true}]}}