{"id":5961,"date":"2024-03-20T13:01:03","date_gmt":"2024-03-20T10:01:03","guid":{"rendered":"https:\/\/enxh.com\/politique-dexpedition\/"},"modified":"2024-12-25T20:26:15","modified_gmt":"2024-12-25T17:26:15","slug":"politique-dexpedition","status":"publish","type":"page","link":"https:\/\/enxh.com\/fr\/politique-dexpedition\/","title":{"rendered":"Politique d&rsquo;exp\u00e9dition"},"content":{"rendered":"\n\t<div id=\"gap-149034545\" class=\"gap-element clearfix\" style=\"display:block; height:auto;\">\n\t\t\n<style>\n#gap-149034545 {\n  padding-top: 80px;\n}\n<\/style>\n\t<\/div>\n\t\n\n\t<div id=\"text-1149457531\" class=\"text\">\n\t\t\n\n<h2 class=\"uppercase\">Politique d&rsquo;exp\u00e9dition<\/h2>\n\t\t\n<style>\n#text-1149457531 {\n  font-size: 0.8rem;\n  text-align: center;\n  color: rgb(0, 0, 0);\n}\n#text-1149457531 > * {\n  color: rgb(0, 0, 0);\n}\n@media (min-width:550px) {\n  #text-1149457531 {\n    font-size: 0.8rem;\n  }\n}\n@media (min-width:850px) {\n  #text-1149457531 {\n    font-size: 1.65rem;\n  }\n}\n<\/style>\n\t<\/div>\n\t\n\n\t<section class=\"section\" id=\"section_1526272130\">\n\t\t<div class=\"section-bg fill\" >\n\t\t\t\t\t\t\t\t\t\n\t\t\t\n\n\t\t<\/div>\n\n\t\t\n\n\t\t<div class=\"section-content relative\">\n\t\t\t\n\n<div class=\"row\"  id=\"row-153697626\">\n\n\n\t<div id=\"col-1863457435\" class=\"col small-12 large-12\"  >\n\t\t\t\t<div class=\"col-inner text-center\"  >\n\t\t\t\n\t\t\t\n\n\t<div id=\"text-4095199370\" class=\"text\">\n\t\t\n\n<p>Nous vous remercions d&rsquo;avoir confi\u00e9 vos besoins en mati\u00e8re d&rsquo;exp\u00e9dition \u00e0 ENXH.COM. Nous sommes honor\u00e9s que vous nous ayez choisis pour g\u00e9rer votre envoi et nous nous engageons \u00e0 vous fournir le service exceptionnel que vous m\u00e9ritez. Votre confiance est inestimable pour nous, et nous nous effor\u00e7ons de faire en sorte que votre exp\u00e9rience soit transparente et s\u00e9curis\u00e9e du d\u00e9but \u00e0 la fin.  <\/p>\n<p>Nous sommes impatients de vous servir \u00e0 nouveau et de faire de chaque envoi avec ENXH.COM une exp\u00e9rience positive et fiable.<\/p>\n\t\t\n<style>\n#text-4095199370 {\n  font-size: 1rem;\n  text-align: center;\n}\n<\/style>\n\t<\/div>\n\t\n\n\t\t<\/div>\n\t\t\t\t\t<\/div>\n\n\t\n\n<\/div>\n\n\t\t<\/div>\n\n\t\t\n<style>\n#section_1526272130 {\n  padding-top: 40px;\n  padding-bottom: 40px;\n}\n<\/style>\n\t<\/section>\n\t\n<div class=\"row\"  id=\"row-135274976\">\n\n\n\t<div id=\"col-624509551\" class=\"col medium-3 small-12 large-3\"  >\n\t\t\t\t<div class=\"col-inner\"  >\n\t\t\t\n\t\t\t\n\n\t<div id=\"text-1539246094\" class=\"text\">\n\t\t\n\n<h4>ACHAT<\/h4>\n\t\t\n<style>\n#text-1539246094 {\n  font-size: 0.75rem;\n}\n<\/style>\n\t<\/div>\n\t\n\n\t\t<\/div>\n\t\t\t\t\t<\/div>\n\n\t\n\n\t<div id=\"col-221912558\" class=\"col medium-3 small-12 large-3\"  >\n\t\t\t\t<div class=\"col-inner\"  >\n\t\t\t\n\t\t\t\n\n\t<div id=\"text-376712826\" class=\"text\">\n\t\t\n\n<h4>EMBALLAGE ET EXP\u00c9DITION<\/h4>\n\t\t\n<style>\n#text-376712826 {\n  font-size: 0.75rem;\n}\n<\/style>\n\t<\/div>\n\t\n\n\t\t<\/div>\n\t\t\t\t\t<\/div>\n\n\t\n\n\t<div id=\"col-782929673\" class=\"col medium-3 small-12 large-3\"  >\n\t\t\t\t<div class=\"col-inner\"  >\n\t\t\t\n\t\t\t\n\n\t<div id=\"text-2589506516\" class=\"text\">\n\t\t\n\n<h4>SUIVI<\/h4>\n\t\t\n<style>\n#text-2589506516 {\n  font-size: 0.75rem;\n}\n<\/style>\n\t<\/div>\n\t\n\n\t\t<\/div>\n\t\t\t\t\t<\/div>\n\n\t\n\n\t<div id=\"col-161726334\" class=\"col medium-3 small-12 large-3\"  >\n\t\t\t\t<div class=\"col-inner\"  >\n\t\t\t\n\t\t\t\n\n\t<div id=\"text-3943841721\" class=\"text\">\n\t\t\n\n<h4>  LIVRAISON<br>\n<\/h4>\n\t\t\n<style>\n#text-3943841721 {\n  font-size: 0.75rem;\n}\n<\/style>\n\t<\/div>\n\t\n\n\t\t<\/div>\n\t\t\t\t\t<\/div>\n\n\t\n\n<\/div>\n\n\t<section class=\"section\" id=\"section_826807007\">\n\t\t<div class=\"section-bg fill\" >\n\t\t\t\t\t\t\t\t\t\n\t\t\t\n\n\t\t<\/div>\n\n\t\t\n\n\t\t<div class=\"section-content relative\">\n\t\t\t\n\n<div class=\"row\"  id=\"row-1940094707\">\n\n\n\t<div id=\"col-1146868132\" class=\"col small-12 large-12\"  >\n\t\t\t\t<div class=\"col-inner text-center\"  >\n\t\t\t\n\t\t\t\n\n\t<div id=\"text-226134036\" class=\"text\">\n\t\t\n\n<h3><strong>Temps de traitement<\/strong><\/h3>\n<p>Nous exp\u00e9dierons votre produit dans un d\u00e9lai d&rsquo;un jour \u00e0 compter de la r\u00e9ception de votre commande. Ce d\u00e9lai peut aller jusqu&rsquo;\u00e0 3 jours en p\u00e9riode de forte activit\u00e9. <\/p>\n<p>Vous recevrez un courriel de confirmation d&rsquo;exp\u00e9dition lorsque nous exp\u00e9dierons le produit que vous avez achet\u00e9. Cet e-mail contiendra des d\u00e9tails sur votre commande, un num\u00e9ro de suivi unique et des instructions sur la mani\u00e8re d&rsquo;utiliser ce num\u00e9ro pour suivre l&rsquo;\u00e9tat et la progression de votre envoi. <\/p>\n<h3><strong>Douanes, droits et taxes<\/strong><\/h3>\n<p>ENXH.COM n&rsquo;est pas responsable des droits de douane, taxes ou frais impos\u00e9s sur votre commande. Tous les frais impos\u00e9s pendant ou apr\u00e8s l&rsquo;exp\u00e9dition sont de la seule responsabilit\u00e9 du client. Il peut s&rsquo;agir de tarifs, de taxes, de droits d&rsquo;importation ou d&rsquo;autres frais impos\u00e9s par les autorit\u00e9s douani\u00e8res ou fiscales de votre pays. Il est tr\u00e8s important que vous connaissiez et que vous vous renseigniez sur les r\u00e9glementations de votre pays en mati\u00e8re d&rsquo;importation et sur les frais \u00e9ventuels qui peuvent s&rsquo;appliquer lorsque vous commandez \u00e0 l&rsquo;\u00e9tranger.   <\/p>\n<h3><strong>Envois endommag\u00e9s :<\/strong><\/h3>\n<p>Bien que nous prenions grand soin de l&#8217;emballage de vos commandes pour assurer une livraison s\u00fbre, ENXH.COM n&rsquo;est pas responsable des articles endommag\u00e9s ou perdus pendant le transport. Si vous recevez votre commande endommag\u00e9e, veuillez suivre les \u00e9tapes ci-dessous : <\/p>\n<p>Contactez imm\u00e9diatement le transporteur pour signaler le dommage. Il vous indiquera la marche \u00e0 suivre. <\/p>\n<p>Veuillez \u00e9galement nous contacter pour nous signaler la situation afin que nous puissions vous aider dans le cadre de la proc\u00e9dure d&rsquo;indemnisation.<\/p>\n<p>En cas d&rsquo;articles endommag\u00e9s, veuillez conserver tous les mat\u00e9riaux d&#8217;emballage et les articles endommag\u00e9s, car ils peuvent \u00eatre exig\u00e9s lors d&rsquo;une r\u00e9clamation.<\/p>\n<p>Nous nous engageons \u00e0 r\u00e9soudre rapidement tout probl\u00e8me li\u00e9 \u00e0 l&rsquo;exp\u00e9dition et \u00e0 vous assister tout au long de la proc\u00e9dure de r\u00e9clamation. Votre satisfaction est notre priorit\u00e9. <\/p>\n<h3><strong>Politique de retour<\/strong><\/h3>\n<p>Tous les produits vendus par ENXH.COM peuvent \u00eatre retourn\u00e9s gratuitement. Vous pouvez retourner le produit pour n&rsquo;importe quelle raison dans un d\u00e9lai de 14 jours \u00e0 compter de la date d&rsquo;achat. Les frais de retour sont \u00e0 la charge de l&rsquo;acheteur. Lorsque vous souhaitez retourner votre produit, veuillez nous contacter par le biais de nos canaux de communication.  <\/p>\n<p>Si 14 jours se sont \u00e9coul\u00e9s depuis votre achat, nous ne pouvons malheureusement pas vous proposer de remboursement ou d&rsquo;\u00e9change.<\/p>\n\t\t\n<style>\n#text-226134036 {\n  text-align: left;\n}\n<\/style>\n\t<\/div>\n\t\n\n\t\t<\/div>\n\t\t\t\t\t<\/div>\n\n\t\n\n<\/div>\n\n\t\t<\/div>\n\n\t\t\n<style>\n#section_826807007 {\n  padding-top: 40px;\n  padding-bottom: 40px;\n}\n<\/style>\n\t<\/section>\n\t\n\n","protected":false},"excerpt":{"rendered":"","protected":false},"author":1,"featured_media":0,"parent":0,"menu_order":0,"comment_status":"closed","ping_status":"closed","template":"page-blank.php","meta":{"footnotes":""},"class_list":["post-5961","page","type-page","status-publish","hentry"],"jetpack_sharing_enabled":true,"_links":{"self":[{"href":"https:\/\/enxh.com\/fr\/wp-json\/wp\/v2\/pages\/5961","targetHints":{"allow":["GET"]}}],"collection":[{"href":"https:\/\/enxh.com\/fr\/wp-json\/wp\/v2\/pages"}],"about":[{"href":"https:\/\/enxh.com\/fr\/wp-json\/wp\/v2\/types\/page"}],"author":[{"embeddable":true,"href":"https:\/\/enxh.com\/fr\/wp-json\/wp\/v2\/users\/1"}],"replies":[{"embeddable":true,"href":"https:\/\/enxh.com\/fr\/wp-json\/wp\/v2\/comments?post=5961"}],"version-history":[{"count":1,"href":"https:\/\/enxh.com\/fr\/wp-json\/wp\/v2\/pages\/5961\/revisions"}],"predecessor-version":[{"id":5963,"href":"https:\/\/enxh.com\/fr\/wp-json\/wp\/v2\/pages\/5961\/revisions\/5963"}],"wp:attachment":[{"href":"https:\/\/enxh.com\/fr\/wp-json\/wp\/v2\/media?parent=5961"}],"curies":[{"name":"wp","href":"https:\/\/api.w.org\/{rel}","templated":true}]}}