{"id":5953,"date":"2024-03-16T21:27:26","date_gmt":"2024-03-16T18:27:26","guid":{"rendered":"https:\/\/enxh.com\/home-textile\/"},"modified":"2024-12-25T20:26:11","modified_gmt":"2024-12-25T17:26:11","slug":"home-textile","status":"publish","type":"page","link":"https:\/\/enxh.com\/fr\/home-textile\/","title":{"rendered":"HOME TEXTILE"},"content":{"rendered":"\n\t<div id=\"gap-1252393874\" class=\"gap-element clearfix\" style=\"display:block; height:auto;\">\n\t\t\n<style>\n#gap-1252393874 {\n  padding-top: 80px;\n}\n<\/style>\n\t<\/div>\n\t\n\n\t<div id=\"text-2658518183\" class=\"text\">\n\t\t\n\n<h2 class=\"uppercase\">HOME TEXTILE<\/h2>\n\t\t\n<style>\n#text-2658518183 {\n  font-size: 0.8rem;\n  text-align: center;\n  color: rgb(0, 0, 0);\n}\n#text-2658518183 > * {\n  color: rgb(0, 0, 0);\n}\n@media (min-width:550px) {\n  #text-2658518183 {\n    font-size: 0.8rem;\n  }\n}\n@media (min-width:850px) {\n  #text-2658518183 {\n    font-size: 1.65rem;\n  }\n}\n<\/style>\n\t<\/div>\n\t\n\n\t<section class=\"section\" id=\"section_1055253455\">\n\t\t<div class=\"section-bg fill\" >\n\t\t\t\t\t\t\t\t\t\n\t\t\t\n\n\t\t<\/div>\n\n\t\t\n\n\t\t<div class=\"section-content relative\">\n\t\t\t\n\n<div class=\"row\"  id=\"row-1836987966\">\n\n\n\t<div id=\"col-89005628\" class=\"col small-12 large-12\"  >\n\t\t\t\t<div class=\"col-inner text-center\"  >\n\t\t\t\n\t\t\t\n\n\t<div id=\"text-3454417323\" class=\"text\">\n\t\t\n\n<p>Am\u00e9liorez le confort de votre maison gr\u00e2ce \u00e0 la luxueuse collection de textiles d&rsquo;int\u00e9rieur d&rsquo;ENXH<\/p>\n<p>Enveloppez-vous de luxe avec les couvertures, jet\u00e9s, couvre-lits, draps, taies d&rsquo;oreiller, chemins de table et rideaux de qualit\u00e9 sup\u00e9rieure d&rsquo;ENXH. Fabriqu\u00e9e \u00e0 partir de mat\u00e9riaux de haute qualit\u00e9 tels que le coton, la laine, le bambou et le lin, notre collection promet un confort et un style ultimes pour votre maison. Explorez notre gamme de mod\u00e8les et laissez-vous s\u00e9duire par une \u00e9l\u00e9gance douillette.  <\/p>\n<p>Achetez maintenant pour un confort domestique instantan\u00e9.<\/p>\n\t\t\n<style>\n#text-3454417323 {\n  font-size: 1rem;\n  text-align: center;\n}\n<\/style>\n\t<\/div>\n\t\n\n\t\t<\/div>\n\t\t\t\t\t<\/div>\n\n\t\n\n<\/div>\n\n\t\t<\/div>\n\n\t\t\n<style>\n#section_1055253455 {\n  padding-top: 40px;\n  padding-bottom: 40px;\n}\n<\/style>\n\t<\/section>\n\t\n\n\t<section class=\"section\" id=\"section_1796893267\">\n\t\t<div class=\"section-bg fill\" >\n\t\t\t\t\t\t\t\t\t\n\t\t\t\n\n\t\t<\/div>\n\n\t\t\n\n\t\t<div class=\"section-content relative\">\n\t\t\t\n\n<div class=\"row\"  id=\"row-1526499150\">\n\n\n\t<div id=\"col-1102012053\" class=\"col small-12 large-12\"  >\n\t\t\t\t<div class=\"col-inner text-center\"  >\n\t\t\t\n\t\t\t\n\n\t<div id=\"gap-1249896943\" class=\"gap-element clearfix\" style=\"display:block; height:auto;\">\n\t\t\n<style>\n#gap-1249896943 {\n  padding-top: 10px;\n}\n<\/style>\n\t<\/div>\n\t\n\n\t\n  \n    <div class=\"row  equalize-box large-columns-3 medium-columns-4 small-columns-2 row-normal\" >\n  \n\t     <div class=\"product-small col has-hover product type-product post-1644 status-publish first instock product_cat-bed-cover product_cat-home-textile product_cat-pique has-post-thumbnail sale shipping-taxable purchasable product-type-simple\">\n\t<div class=\"col-inner\">\n\t\n<div class=\"badge-container absolute left top z-1\">\n<div class=\"callout badge badge-circle\"><div class=\"badge-inner secondary on-sale\"><span class=\"onsale\">Promo\u00a0!<\/span><\/div><\/div>\n<\/div>\n\t<div class=\"product-small box \">\n\t\t<div class=\"box-image\">\n\t\t\t<div class=\"image-none\">\n\t\t\t\t<a href=\"https:\/\/enxh.com\/fr\/product\/100-bamboo-double-bedspread\/\">\n\t\t\t\t\t<img loading=\"lazy\" decoding=\"async\" width=\"600\" height=\"600\" src=\"https:\/\/enxh.com\/wp-content\/uploads\/2024\/03\/Bamboo-Double-Palandoken-Bedspread-11-e1705295189863-600x600.webp\" class=\"attachment-woocommerce_thumbnail size-woocommerce_thumbnail\" alt=\"100% Bamboo Double Bedspread\" srcset=\"https:\/\/enxh.com\/wp-content\/uploads\/2024\/03\/Bamboo-Double-Palandoken-Bedspread-11-e1705295189863-600x600.webp 600w, https:\/\/enxh.com\/wp-content\/uploads\/2024\/03\/Bamboo-Double-Palandoken-Bedspread-11-e1705295189863-100x100.webp 100w, https:\/\/enxh.com\/wp-content\/uploads\/2024\/03\/Bamboo-Double-Palandoken-Bedspread-11-e1705295189863-6x6.webp 6w\" sizes=\"auto, (max-width: 600px) 100vw, 600px\" \/>\t\t\t\t<\/a>\n\t\t\t<\/div>\n\t\t\t<div class=\"image-tools is-small top right show-on-hover\">\n\t\t\t\t\t\t\t<\/div>\n\t\t\t<div class=\"image-tools is-small hide-for-small bottom left show-on-hover\">\n\t\t\t\t\t\t\t<\/div>\n\t\t\t<div class=\"image-tools grid-tools text-center hide-for-small bottom hover-slide-in show-on-hover\">\n\t\t\t\t\t\t\t<\/div>\n\t\t\t\t\t<\/div>\n\n\t\t<div class=\"box-text box-text-products\">\n\t\t\t<div class=\"title-wrapper\"><p class=\"name product-title woocommerce-loop-product__title\"><a href=\"https:\/\/enxh.com\/fr\/product\/100-bamboo-double-bedspread\/\" class=\"woocommerce-LoopProduct-link woocommerce-loop-product__link\">100% Bamboo Double Bedspread<\/a><\/p><\/div><div class=\"price-wrapper\">\n\t<span class=\"price\"><del aria-hidden=\"true\"><span class=\"woocommerce-Price-amount amount\"><bdi><span class=\"woocommerce-Price-currencySymbol\">&#36;<\/span>114.61<\/bdi><\/span><\/del> <span class=\"screen-reader-text\">Le prix initial \u00e9tait\u00a0: &#036;114.61.<\/span><ins aria-hidden=\"true\"><span class=\"woocommerce-Price-amount amount\"><bdi><span class=\"woocommerce-Price-currencySymbol\">&#36;<\/span>102.96<\/bdi><\/span><\/ins><span class=\"screen-reader-text\">Le prix actuel est\u00a0: &#036;102.96.<\/span><\/span>\n<\/div><div class=\"add-to-cart-button\"><a href=\"\/fr\/wp-json\/wp\/v2\/pages\/5953?add-to-cart=1644\" aria-describedby=\"woocommerce_loop_add_to_cart_link_describedby_1644\" data-quantity=\"1\" class=\"primary is-small mb-0 button product_type_simple add_to_cart_button ajax_add_to_cart is-underline\" data-product_id=\"1644\" data-product_sku=\"\" aria-label=\"Ajouter au panier\u00a0: &ldquo;100% Bamboo Double Bedspread&rdquo;\" rel=\"nofollow\" data-success_message=\"\u00ab\u00a0100% Bamboo Double Bedspread\u00a0\u00bb a \u00e9t\u00e9 ajout\u00e9 \u00e0 votre panier\" role=\"button\">Ajouter au panier<\/a><\/div>\t<span id=\"woocommerce_loop_add_to_cart_link_describedby_1644\" class=\"screen-reader-text\">\n\t\t\t<\/span>\n\t\t<\/div>\n\t<\/div>\n\t\t<\/div>\n<\/div><div class=\"product-small col has-hover out-of-stock product type-product post-3218 status-publish outofstock product_cat-bed-cover product_cat-home-textile product_cat-pique product_tag-ralph-lauren-blanket has-post-thumbnail shipping-taxable purchasable product-type-simple\">\n\t<div class=\"col-inner\">\n\t\n<div class=\"badge-container absolute left top z-1\">\n\n<\/div>\n\t<div class=\"product-small box \">\n\t\t<div class=\"box-image\">\n\t\t\t<div class=\"image-none\">\n\t\t\t\t<a href=\"https:\/\/enxh.com\/fr\/product\/ralph-lauren-northam-throw-blanket\/\">\n\t\t\t\t\t<img loading=\"lazy\" decoding=\"async\" width=\"600\" height=\"600\" src=\"https:\/\/enxh.com\/wp-content\/uploads\/2024\/12\/Ralph-Lauren-Northam-Throw-Blanket-600x600.png\" class=\"attachment-woocommerce_thumbnail size-woocommerce_thumbnail\" alt=\"Ralph Lauren Northam Throw Blanket\" srcset=\"https:\/\/enxh.com\/wp-content\/uploads\/2024\/12\/Ralph-Lauren-Northam-Throw-Blanket-600x600.png 600w, https:\/\/enxh.com\/wp-content\/uploads\/2024\/12\/Ralph-Lauren-Northam-Throw-Blanket-280x280.png 280w, https:\/\/enxh.com\/wp-content\/uploads\/2024\/12\/Ralph-Lauren-Northam-Throw-Blanket-100x100.png 100w\" sizes=\"auto, (max-width: 600px) 100vw, 600px\" \/>\t\t\t\t<\/a>\n\t\t\t<\/div>\n\t\t\t<div class=\"image-tools is-small top right show-on-hover\">\n\t\t\t\t\t\t\t<\/div>\n\t\t\t<div class=\"image-tools is-small hide-for-small bottom left show-on-hover\">\n\t\t\t\t\t\t\t<\/div>\n\t\t\t<div class=\"image-tools grid-tools text-center hide-for-small bottom hover-slide-in show-on-hover\">\n\t\t\t\t\t\t\t<\/div>\n\t\t\t<div class=\"out-of-stock-label\">Rupture de stock<\/div>\t\t<\/div>\n\n\t\t<div class=\"box-text box-text-products\">\n\t\t\t<div class=\"title-wrapper\"><p class=\"name product-title woocommerce-loop-product__title\"><a href=\"https:\/\/enxh.com\/fr\/product\/ralph-lauren-northam-throw-blanket\/\" class=\"woocommerce-LoopProduct-link woocommerce-loop-product__link\">Ralph Lauren Northam Throw Blanket<\/a><\/p><\/div><div class=\"price-wrapper\">\n\t<span class=\"price\"><span class=\"woocommerce-Price-amount amount\"><bdi><span class=\"woocommerce-Price-currencySymbol\">&#36;<\/span>414.96<\/bdi><\/span><\/span>\n<\/div><div class=\"add-to-cart-button\"><a href=\"https:\/\/enxh.com\/fr\/product\/ralph-lauren-northam-throw-blanket\/\" aria-describedby=\"woocommerce_loop_add_to_cart_link_describedby_3218\" data-quantity=\"1\" class=\"primary is-small mb-0 button product_type_simple is-underline\" data-product_id=\"3218\" data-product_sku=\"\" aria-label=\"En savoir plus sur &ldquo;Ralph Lauren Northam Throw Blanket&rdquo;\" rel=\"nofollow\" data-success_message=\"\">Lire la suite<\/a><\/div>\t<span id=\"woocommerce_loop_add_to_cart_link_describedby_3218\" class=\"screen-reader-text\">\n\t\t\t<\/span>\n\t\t<\/div>\n\t<\/div>\n\t\t<\/div>\n<\/div><\/div>\n\n\n\t\t<\/div>\n\t\t\t\t\t<\/div>\n\n\t\n\n<\/div>\n\n\t\t<\/div>\n\n\t\t\n<style>\n#section_1796893267 {\n  padding-top: 100px;\n  padding-bottom: 100px;\n}\n<\/style>\n\t<\/section>\n\t\n<div class=\"row row-small\"  id=\"row-1184283588\">\n\n\n\t<div id=\"col-1850585798\" class=\"col small-12 large-12\"  >\n\t\t\t\t<div class=\"col-inner\"  >\n\t\t\t\n\t\t\t\n\n\n\t<section class=\"section dark\" id=\"section_1844070865\">\n\t\t<div class=\"section-bg fill\" >\n\t\t\t\t\t\t\t<div class=\"video-overlay no-click fill visible\"><\/div>\n\t<video class=\"video-bg fill visible\" preload playsinline autoplay muted loop>\n\t\t<source src=\"https:\/\/enxh.com\/wp-content\/uploads\/2024\/07\/ENXH-5.mp4\" type=\"video\/mp4\">\t<\/video>\n\t\t\t<div class=\"section-bg-overlay absolute fill\"><\/div>\n\t\t\t\n\n\t\t<\/div>\n\n\t\t\n\n\t\t<div class=\"section-content relative\">\n\t\t\t\n\n<div class=\"row row-collapse\"  id=\"row-1168693105\">\n\n\n\t<div id=\"col-1667407851\" class=\"col small-12 large-12\"  >\n\t\t\t\t<div class=\"col-inner text-center\"  >\n\t\t\t\n\t\t\t\n\n\t<div id=\"text-266971793\" class=\"text\">\n\t\t\n\n<h2>LA TRADITION S\u00c9CULAIRE ET L&rsquo;ART CONTEMPORAIN SE RENCONTRENT<\/h2>\n<p>Nous ne pr\u00e9f\u00e9rons que les produits biologiques de la plus haute qualit\u00e9 pour vous.  <\/p>\n\t\t\n<style>\n#text-266971793 {\n  color: rgb(192, 167, 113);\n}\n#text-266971793 > * {\n  color: rgb(192, 167, 113);\n}\n<\/style>\n\t<\/div>\n\t\n\t<div id=\"gap-1914650018\" class=\"gap-element clearfix\" style=\"display:block; height:auto;\">\n\t\t\n<style>\n#gap-1914650018 {\n  padding-top: 70px;\n}\n<\/style>\n\t<\/div>\n\t\n\n\n\t\t<\/div>\n\t\t\t\t\t<\/div>\n\n\t\n\n<\/div>\n\n\t\t<\/div>\n\n\t\t\n<style>\n#section_1844070865 {\n  padding-top: 100px;\n  padding-bottom: 100px;\n  background-color: rgb(242, 242, 242);\n}\n#section_1844070865 .section-bg-overlay {\n  background-color: rgba(0, 0, 0, 0.35);\n}\n<\/style>\n\t<\/section>\n\t\n<div class=\"text-center\"><div class=\"is-divider divider clearfix\" ><\/div><\/div>\n\n\n\t\t<\/div>\n\t\t\t\t\t<\/div>\n\n\t\n\n<\/div>\n\n","protected":false},"excerpt":{"rendered":"","protected":false},"author":1,"featured_media":0,"parent":0,"menu_order":0,"comment_status":"closed","ping_status":"closed","template":"page-blank.php","meta":{"footnotes":""},"class_list":["post-5953","page","type-page","status-publish","hentry"],"jetpack_sharing_enabled":true,"_links":{"self":[{"href":"https:\/\/enxh.com\/fr\/wp-json\/wp\/v2\/pages\/5953","targetHints":{"allow":["GET"]}}],"collection":[{"href":"https:\/\/enxh.com\/fr\/wp-json\/wp\/v2\/pages"}],"about":[{"href":"https:\/\/enxh.com\/fr\/wp-json\/wp\/v2\/types\/page"}],"author":[{"embeddable":true,"href":"https:\/\/enxh.com\/fr\/wp-json\/wp\/v2\/users\/1"}],"replies":[{"embeddable":true,"href":"https:\/\/enxh.com\/fr\/wp-json\/wp\/v2\/comments?post=5953"}],"version-history":[{"count":1,"href":"https:\/\/enxh.com\/fr\/wp-json\/wp\/v2\/pages\/5953\/revisions"}],"predecessor-version":[{"id":5954,"href":"https:\/\/enxh.com\/fr\/wp-json\/wp\/v2\/pages\/5953\/revisions\/5954"}],"wp:attachment":[{"href":"https:\/\/enxh.com\/fr\/wp-json\/wp\/v2\/media?parent=5953"}],"curies":[{"name":"wp","href":"https:\/\/api.w.org\/{rel}","templated":true}]}}