{"id":5918,"date":"2013-08-11T19:22:53","date_gmt":"2013-08-11T16:22:53","guid":{"rendered":"https:\/\/enxh.com\/contact\/"},"modified":"2024-12-25T20:26:02","modified_gmt":"2024-12-25T17:26:02","slug":"contact","status":"publish","type":"page","link":"https:\/\/enxh.com\/fr\/contact\/","title":{"rendered":"CONTACT"},"content":{"rendered":"\n\t<div id=\"gap-1340228509\" class=\"gap-element clearfix\" style=\"display:block; height:auto;\">\n\t\t\n<style>\n#gap-1340228509 {\n  padding-top: 80px;\n}\n<\/style>\n\t<\/div>\n\t\n\n\t<div id=\"text-4040485206\" class=\"text\">\n\t\t\n\n<h2 class=\"uppercase\">CONTACTEZ-NOUS<\/h2>\n\t\t\n<style>\n#text-4040485206 {\n  font-size: 0.8rem;\n  text-align: center;\n  color: rgb(0, 0, 0);\n}\n#text-4040485206 > * {\n  color: rgb(0, 0, 0);\n}\n@media (min-width:550px) {\n  #text-4040485206 {\n    font-size: 0.8rem;\n  }\n}\n@media (min-width:850px) {\n  #text-4040485206 {\n    font-size: 1.65rem;\n  }\n}\n<\/style>\n\t<\/div>\n\t\n\n\t<section class=\"section\" id=\"section_1911838917\">\n\t\t<div class=\"section-bg fill\" >\n\t\t\t\t\t\t\t\t\t\n\t\t\t\n\n\t\t<\/div>\n\n\t\t\n\n\t\t<div class=\"section-content relative\">\n\t\t\t\n\n<div class=\"row\"  id=\"row-1407132496\">\n\n\n\t<div id=\"col-499976644\" class=\"col small-12 large-12\"  >\n\t\t\t\t<div class=\"col-inner text-center\"  >\n\t\t\t\n\t\t\t\n\n\t<div id=\"text-2484356497\" class=\"text\">\n\t\t\n\n<p>Notre \u00e9quipe s&rsquo;efforce de fournir un excellent service \u00e0 la client\u00e8le et de veiller \u00e0 ce que vous viviez une exp\u00e9rience d&rsquo;achat agr\u00e9able. Si vous avez des questions ou si vous avez besoin d&rsquo;aide pour trouver un produit sp\u00e9cifique, n&rsquo;h\u00e9sitez pas \u00e0 nous contacter. <\/p>\n\t\t\n<style>\n#text-2484356497 {\n  font-size: 1rem;\n  text-align: center;\n}\n<\/style>\n\t<\/div>\n\t\n\t<div id=\"gap-223819350\" class=\"gap-element clearfix\" style=\"display:block; height:auto;\">\n\t\t\n<style>\n#gap-223819350 {\n  padding-top: 50px;\n}\n<\/style>\n\t<\/div>\n\t\n\n<div class=\"row\"  id=\"row-224898095\">\n\n\n\t<div id=\"col-1299315786\" class=\"col medium-6 small-12 large-6\"  >\n\t\t\t\t<div class=\"col-inner\"  >\n\t\t\t\n\t\t\t\n\n\t<div class=\"img has-hover x md-x lg-x y md-y lg-y\" id=\"image_794936783\">\n\t\t\t\t\t\t\t\t<div class=\"img-inner dark\" >\n\t\t\t<img loading=\"lazy\" decoding=\"async\" width=\"750\" height=\"500\" src=\"https:\/\/enxh.com\/wp-content\/uploads\/2024\/03\/contact_uss.jpg\" class=\"attachment-large size-large\" alt=\"\" srcset=\"https:\/\/enxh.com\/wp-content\/uploads\/2024\/03\/contact_uss.jpg 750w, https:\/\/enxh.com\/wp-content\/uploads\/2024\/03\/contact_uss-600x400.jpg 600w\" sizes=\"auto, (max-width: 750px) 100vw, 750px\" \/>\t\t\t\t\t\t\n\t\t\t\t\t<\/div>\n\t\t\t\t\t\t\t\t\n<style>\n#image_794936783 {\n  width: 100%;\n}\n<\/style>\n\t<\/div>\n\t\n\n\n\t\t<\/div>\n\t\t\t\t\t<\/div>\n\n\t\n\n\t<div id=\"col-407884969\" class=\"col medium-6 small-12 large-6\"  >\n\t\t\t\t<div class=\"col-inner\"  >\n\t\t\t\n\t\t\t\n\n\t<div id=\"gap-2009387160\" class=\"gap-element clearfix\" style=\"display:block; height:auto;\">\n\t\t\n<style>\n#gap-2009387160 {\n  padding-top: 30px;\n}\n<\/style>\n\t<\/div>\n\t\n\n\t<div id=\"text-496716049\" class=\"text\">\n\t\t\n\n<h4>T\u00c9L\u00c9PHONE &amp; WHATSAPP<\/h4>\n<p>+44 7777 46 57 37<\/p>\n\n\t\t\n<style>\n#text-496716049 {\n  color: rgb(0,0,0);\n}\n#text-496716049 > * {\n  color: rgb(0,0,0);\n}\n<\/style>\n\t<\/div>\n\t\n<div class=\"is-divider divider clearfix\" ><\/div>\n\n\t<div id=\"text-452996509\" class=\"text\">\n\t\t\n\n<h4>EMAIL<\/h4>\n<p><span \n                data-original-string='PO+uHusJx5\/f2kc9yBtloQ==127ZtBiXzpvFPmaPa5H9wfJtysTeSzfztg3gXvb2g\/XDtM='\n                class='apbct-email-encoder'\n                title='This contact has been encoded by Anti-Spam by CleanTalk. Click to decode. To finish the decoding make sure that JavaScript is enabled in your browser.'>en<span class=\"apbct-blur\">*******<\/span>@<span class=\"apbct-blur\">***<\/span>il.com<\/span><\/p>\n\n\t\t\n<style>\n#text-452996509 {\n  text-align: center;\n  color: rgb(0,0,0);\n}\n#text-452996509 > * {\n  color: rgb(0,0,0);\n}\n<\/style>\n\t<\/div>\n\t\n<div class=\"social-icons follow-icons\" ><a href=\"http:\/\/url\" target=\"_blank\" data-label=\"Facebook\" class=\"icon plain tooltip facebook\" title=\"Nous suivre sur Facebook\" aria-label=\"Nous suivre sur Facebook\" rel=\"noopener nofollow\"><i class=\"icon-facebook\" aria-hidden=\"true\"><\/i><\/a><a href=\"http:\/\/url\" target=\"_blank\" data-label=\"Instagram\" class=\"icon plain tooltip instagram\" title=\"Nous suivre sur Instagram\" aria-label=\"Nous suivre sur Instagram\" rel=\"noopener nofollow\"><i class=\"icon-instagram\" aria-hidden=\"true\"><\/i><\/a><a href=\"http:\/\/url\" data-label=\"Twitter\" target=\"_blank\" class=\"icon plain tooltip twitter\" title=\"Nous suivre sur Twitter\" aria-label=\"Nous suivre sur Twitter\" rel=\"noopener nofollow\"><i class=\"icon-twitter\" aria-hidden=\"true\"><\/i><\/a><a href=\"mailto:your@email\" data-label=\"E-mail\" target=\"_blank\" class=\"icon plain tooltip email\" title=\"Nous envoyer un email\" aria-label=\"Nous envoyer un email\" rel=\"nofollow noopener\"><i class=\"icon-envelop\" aria-hidden=\"true\"><\/i><\/a><\/div>\n\n\n\t\t<\/div>\n\t\t\t\t\t<\/div>\n\n\t\n\n<\/div>\n<div class=\"row\"  id=\"row-2058391449\">\n\n\n\t<div id=\"col-802898684\" class=\"col small-12 large-12\"  >\n\t\t\t\t<div class=\"col-inner\"  >\n\t\t\t\n\t\t\t\n\n\t<div id=\"gap-424910126\" class=\"gap-element clearfix\" style=\"display:block; height:auto;\">\n\t\t\n<style>\n#gap-424910126 {\n  padding-top: 40px;\n}\n<\/style>\n\t<\/div>\n\t\n\n\t<div id=\"text-546490459\" class=\"text\">\n\t\t\n\n<h2 class=\"uppercase\">Nos adresses<\/h2>\n<h3 class=\"thin-font\"><\/h3>\n\t\t\n<style>\n#text-546490459 {\n  font-size: 0.9rem;\n  text-align: center;\n}\n<\/style>\n\t<\/div>\n\t\n<div class=\"text-center\"><div class=\"is-divider divider clearfix\" ><\/div><\/div>\n\n<div class=\"row\"  id=\"row-499997733\">\n\n\n\t<div id=\"col-607809017\" class=\"col medium-4 small-12 large-4\"  >\n\t\t\t\t<div class=\"col-inner\"  >\n\t\t\t\n\t\t\t\n\n\t<div id=\"text-4270346264\" class=\"text\">\n\t\t\n\n<h5 class=\"uppercase\">T\u00dcRK\u0130YE<\/h5>\n<p>Saltuklu Mah. Erenler Sk. \u0130hsan Apt. 21\/4 25700 Erzurum \/ T\u00fcrkiye   <\/p>\n\t\t\n<style>\n#text-4270346264 {\n  text-align: center;\n}\n<\/style>\n\t<\/div>\n\t\n\n\t\t<\/div>\n\t\t\t\t\t<\/div>\n\n\t\n\n\t<div id=\"col-425889135\" class=\"col medium-4 small-12 large-4\"  >\n\t\t\t\t<div class=\"col-inner\"  >\n\t\t\t\n\t\t\t\n\n\t<div id=\"text-2667197323\" class=\"text\">\n\t\t\n\n<h5 class=\"uppercase\">POLOGNE<\/h5>\n<p>Zygmunta Krasi\u0144skiego 6\/65, 20-709 Lublin \/ Pologne<\/p>\n\t\t\n<style>\n#text-2667197323 {\n  text-align: center;\n}\n<\/style>\n\t<\/div>\n\t\n\n\t\t<\/div>\n\t\t\t\t\t<\/div>\n\n\t\n\n\t<div id=\"col-1061889534\" class=\"col medium-4 small-12 large-4\"  >\n\t\t\t\t<div class=\"col-inner\"  >\n\t\t\t\n\t\t\t\n\n\t<div id=\"text-3673232344\" class=\"text\">\n\t\t\n\n<h5 class=\"uppercase\">ROYAUME-UNI<\/h5>\n<p>71 &#8211; 75 Shelton Street, Londres, Royaume-Uni, WC2H 9JQ<\/p>\n\t\t\n<style>\n#text-3673232344 {\n  text-align: center;\n}\n<\/style>\n\t<\/div>\n\t\n\n\t\t<\/div>\n\t\t\t\t\t<\/div>\n\n\t\n\n<\/div>\n\n\t\t<\/div>\n\t\t\t\t\t<\/div>\n\n\t\n\n<\/div>\n\n\t\t<\/div>\n\t\t\t\t\t<\/div>\n\n\t\n\n<\/div>\n\n\t\t<\/div>\n\n\t\t\n<style>\n#section_1911838917 {\n  padding-top: 40px;\n  padding-bottom: 40px;\n}\n<\/style>\n\t<\/section>\n\t\n\n","protected":false},"excerpt":{"rendered":"","protected":false},"author":1,"featured_media":0,"parent":0,"menu_order":0,"comment_status":"closed","ping_status":"closed","template":"page-blank.php","meta":{"footnotes":""},"class_list":["post-5918","page","type-page","status-publish","hentry"],"jetpack_sharing_enabled":true,"_links":{"self":[{"href":"https:\/\/enxh.com\/fr\/wp-json\/wp\/v2\/pages\/5918","targetHints":{"allow":["GET"]}}],"collection":[{"href":"https:\/\/enxh.com\/fr\/wp-json\/wp\/v2\/pages"}],"about":[{"href":"https:\/\/enxh.com\/fr\/wp-json\/wp\/v2\/types\/page"}],"author":[{"embeddable":true,"href":"https:\/\/enxh.com\/fr\/wp-json\/wp\/v2\/users\/1"}],"replies":[{"embeddable":true,"href":"https:\/\/enxh.com\/fr\/wp-json\/wp\/v2\/comments?post=5918"}],"version-history":[{"count":2,"href":"https:\/\/enxh.com\/fr\/wp-json\/wp\/v2\/pages\/5918\/revisions"}],"predecessor-version":[{"id":5929,"href":"https:\/\/enxh.com\/fr\/wp-json\/wp\/v2\/pages\/5918\/revisions\/5929"}],"wp:attachment":[{"href":"https:\/\/enxh.com\/fr\/wp-json\/wp\/v2\/media?parent=5918"}],"curies":[{"name":"wp","href":"https:\/\/api.w.org\/{rel}","templated":true}]}}