{"id":5979,"date":"2024-03-20T15:36:06","date_gmt":"2024-03-20T12:36:06","guid":{"rendered":"https:\/\/enxh.com\/cookies\/"},"modified":"2024-12-25T20:27:20","modified_gmt":"2024-12-25T17:27:20","slug":"cookies","status":"publish","type":"page","link":"https:\/\/enxh.com\/de\/cookies\/","title":{"rendered":"COOKIES"},"content":{"rendered":"\n\t<div id=\"gap-1524921249\" class=\"gap-element clearfix\" style=\"display:block; height:auto;\">\n\t\t\n<style>\n#gap-1524921249 {\n  padding-top: 80px;\n}\n<\/style>\n\t<\/div>\n\t\n\n\t<div id=\"text-3070287225\" class=\"text\">\n\t\t\n\n<h2 class=\"uppercase\">COOKIE-POLITIK<\/h2>\n\t\t\n<style>\n#text-3070287225 {\n  font-size: 0.8rem;\n  text-align: center;\n  color: rgb(0, 0, 0);\n}\n#text-3070287225 > * {\n  color: rgb(0, 0, 0);\n}\n@media (min-width:550px) {\n  #text-3070287225 {\n    font-size: 0.8rem;\n  }\n}\n@media (min-width:850px) {\n  #text-3070287225 {\n    font-size: 1.65rem;\n  }\n}\n<\/style>\n\t<\/div>\n\t\n\n\t<section class=\"section\" id=\"section_1469298719\">\n\t\t<div class=\"section-bg fill\" >\n\t\t\t\t\t\t\t\t\t\n\t\t\t\n\n\t\t<\/div>\n\n\t\t\n\n\t\t<div class=\"section-content relative\">\n\t\t\t\n\n<div class=\"row\"  id=\"row-1878809084\">\n\n\n\t<div id=\"col-1494292423\" class=\"col small-12 large-12\"  >\n\t\t\t\t<div class=\"col-inner text-center\"  >\n\t\t\t\n\t\t\t\n\n\t<div id=\"text-3905901614\" class=\"text\">\n\t\t\n\n<p>Vielen Dank, dass Sie OrganicTextile.Org f\u00fcr Ihren Einkauf gew\u00e4hlt haben. Wir sind bestrebt, dass Sie mit jedem Kauf zufrieden sind. Bitte lesen Sie die folgenden Richtlinien, um unsere Vorgehensweise bei R\u00fccksendungen zu verstehen:  <\/p>\n\t\t\n<style>\n#text-3905901614 {\n  font-size: 1rem;\n  text-align: center;\n}\n<\/style>\n\t<\/div>\n\t\n\n\t\t<\/div>\n\t\t\t\t\t<\/div>\n\n\t\n\n<\/div>\n\n\t\t<\/div>\n\n\t\t\n<style>\n#section_1469298719 {\n  padding-top: 40px;\n  padding-bottom: 40px;\n}\n<\/style>\n\t<\/section>\n\t\n\n\t<section class=\"section\" id=\"section_1967896359\">\n\t\t<div class=\"section-bg fill\" >\n\t\t\t\t\t\t\t\t\t\n\t\t\t\n\n\t\t<\/div>\n\n\t\t\n\n\t\t<div class=\"section-content relative\">\n\t\t\t\n\n<div class=\"row\"  id=\"row-1179062245\">\n\n\n\t<div id=\"col-1451971397\" class=\"col small-12 large-12\"  >\n\t\t\t\t<div class=\"col-inner text-center\"  >\n\t\t\t\n\t\t\t\n\n\t<div id=\"text-1448104234\" class=\"text\">\n\t\t\n\n<p><strong>COOKIE-POLITIK<\/strong><\/p>\n<p>Zuletzt aktualisiert am 20. M\u00e4rz 2024<\/p>\n<p>Diese Cookie-Richtlinie erkl\u00e4rt, wie A2 ALLIANCE LTD. (&#8222;Unternehmen&#8220;, &#8222;wir&#8220;, &#8222;uns&#8220; und &#8222;unser&#8220;) Cookies und \u00e4hnliche Technologien verwendet, um Sie zu erkennen, wenn Sie unsere Website https:\/\/enxh.com (&#8222;Website&#8220;) besuchen. Sie erkl\u00e4rt, was diese Technologien sind und warum wir sie verwenden, sowie Ihre Rechte, unsere Verwendung dieser Technologien zu kontrollieren. <\/p>\n<p>In einigen F\u00e4llen k\u00f6nnen wir Cookies verwenden, um pers\u00f6nliche Daten zu sammeln, oder die zu pers\u00f6nlichen Daten werden, wenn wir sie mit anderen Informationen kombinieren.<\/p>\n<p><strong>Was sind Cookies?<\/strong><\/p>\n<p>Cookies sind kleine Datendateien, die auf Ihrem Computer oder Mobilger\u00e4t gespeichert werden, wenn Sie eine Website besuchen. Cookies werden von den Eigent\u00fcmern von Websites h\u00e4ufig verwendet, um ihre Websites funktionsf\u00e4hig zu machen oder effizienter zu gestalten sowie um Berichtsinformationen bereitzustellen. Cookies, die vom Eigent\u00fcmer der Website (in diesem Fall A2 ALLIANCE LTD.) gesetzt werden, nennt man &#8222;Erstanbieter-Cookies&#8220;. Cookies, die von anderen Parteien als dem Eigent\u00fcmer der Website gesetzt werden, werden als &#8222;Drittanbieter-Cookies&#8220; bezeichnet. Cookies von Drittanbietern erm\u00f6glichen die Bereitstellung von Merkmalen oder Funktionen von Drittanbietern auf oder \u00fcber die Website (z. B. Werbung, interaktive Inhalte und Analysen). Die Parteien, die diese Drittanbieter-Cookies[1] setzen, k\u00f6nnen Ihren Computer sowohl beim Besuch der betreffenden Website als auch beim Besuch bestimmter anderer Websites erkennen.     <\/p>\n<p><strong>Warum verwenden wir Cookies?<\/strong><\/p>\n<p>Wir verwenden Cookies von Erst- und Drittanbietern aus verschiedenen Gr\u00fcnden. Einige Cookies sind aus technischen Gr\u00fcnden erforderlich, damit unsere Website funktioniert, und wir bezeichnen diese als &#8222;wesentliche&#8220; oder &#8222;unbedingt notwendige&#8220; Cookies. Andere Cookies erm\u00f6glichen es uns, die Interessen unserer Nutzer zu verfolgen und gezielt zu verfolgen, um das Erlebnis auf unseren Online-Eigenschaften zu verbessern. Dritte setzen \u00fcber unsere Website Cookies zu Werbe-, Analyse- und anderen Zwecken ein. Dies wird im Folgenden genauer beschrieben.    <\/p>\n<p><strong>Wie kann ich Cookies kontrollieren?<\/strong><\/p>\n<p>Sie haben das Recht zu entscheiden, ob Sie Cookies akzeptieren oder ablehnen m\u00f6chten. Sie k\u00f6nnen Ihre Cookie-Rechte aus\u00fcben, indem Sie Ihre Pr\u00e4ferenzen im Cookie Consent Manager festlegen. Mit dem Cookie Consent Manager k\u00f6nnen Sie ausw\u00e4hlen, welche Kategorien von Cookies Sie akzeptieren oder ablehnen. Unverzichtbare Cookies k\u00f6nnen nicht abgelehnt werden, da sie unbedingt notwendig sind, um Ihnen Dienste zur Verf\u00fcgung zu stellen.   <\/p>\n<p>Den Cookie Consent Manager finden Sie im Benachrichtigungsbanner und auf unserer Website. Wenn Sie sich entscheiden, Cookies abzulehnen, k\u00f6nnen Sie unsere Website weiterhin nutzen, auch wenn Ihr Zugang zu einigen Funktionen und Bereichen unserer Website eingeschr\u00e4nkt sein kann. Sie k\u00f6nnen auch Ihren Webbrowser so einstellen oder \u00e4ndern, dass er Cookies akzeptiert oder ablehnt.  <\/p>\n<p>Die spezifischen Arten von Cookies von Erstanbietern und Drittanbietern, die auf unserer Website verwendet werden, und die Zwecke, die sie erf\u00fcllen, sind in der nachstehenden Tabelle beschrieben (bitte beachten Sie, dass die spezifischen Cookies, die verwendet werden, je nach den spezifischen Online-Eigenschaften, die Sie besuchen, variieren k\u00f6nnen):<\/p>\n<p>Leistungs- und Funktions-Cookies:<\/p>\n<p>Diese Cookies werden verwendet, um die Leistung und Funktionalit\u00e4t unserer Website zu verbessern, sind aber f\u00fcr ihre Nutzung nicht unbedingt erforderlich. Ohne diese Cookies k\u00f6nnen jedoch bestimmte Funktionen (wie z.B. Videos) nicht mehr verf\u00fcgbar sein. <\/p>\n<p>Name: wc_cart_created<\/p>\n<p>Zweck: Hilft WooCommerce festzustellen, wann sich der Inhalt\/die Daten des Warenkorbs \u00e4ndern.<\/p>\n<p>Anbieter: ENXH.COM<\/p>\n<p>Service: WooCommerce <a href=\"https:\/\/woocommerce.com\/document\/woocommerce-cookies\/\">View Service Datenschutzbestimmungen<\/a><\/p>\n<p>Typ: html_session_storage<\/p>\n<p>L\u00e4uft ab in: Sitzung<\/p>\n<p>Name: tk_or<\/p>\n<p>Zweck: Dieses Cookie wird vom JetPack-Plugin auf Websites gesetzt, die WooCommerce verwenden. Es handelt sich um einen Verweis-Cookie, der f\u00fcr die Analyse des Verweisverhaltens f\u00fcr Jetpack verwendet wird. <\/p>\n<p>Anbieter: .ENXH.COM<\/p>\n<p>Service: Jetpack <a href=\"https:\/\/jetpack.com\/support\/cookies\/\">Service ansehen Datenschutzbestimmungen<\/a><\/p>\n<p>Typ: http_cookie<\/p>\n<p>L\u00e4uft ab in: 1 Jahr 1 Monat 4 Tage<\/p>\n<p>Name: woocommerce_items_in_cart<\/p>\n<p>Zweck: Hilft WooCommerce festzustellen, wenn sich der Inhalt\/die Daten des Warenkorbs \u00e4ndern.<\/p>\n<p>Anbieter: ENXH.COM<\/p>\n<p>Service: WooCommerce <a href=\"https:\/\/automattic.com\/privacy\/\">View Service Datenschutzbestimmungen<\/a><\/p>\n<p>Typ: server_cookie<\/p>\n<p>L\u00e4uft ab in: Sitzung<\/p>\n<p>Name: tk_lr<\/p>\n<p>Zweck: Dieses Cookie wird vom JetPack-Plugin auf Websites gesetzt, die WooCommerce verwenden. Es handelt sich um ein Verweis-Cookie, das f\u00fcr die Analyse des Verweisverhaltens f\u00fcr Jetpack verwendet wird. <\/p>\n<p>Anbieter: .ENXH.COM<\/p>\n<p>Service: Jetpack <a href=\"https:\/\/jetpack.com\/support\/cookies\/\">Service ansehen Datenschutzbestimmungen<\/a><\/p>\n<p>Typ: http_cookie<\/p>\n<p>L\u00e4uft ab in: 11 Monate 30 Tage<\/p>\n<p>Name: woocommerce_cart_hash<\/p>\n<p>Zweck: Hilft WooCommerce festzustellen, wenn sich der Inhalt\/die Daten des Warenkorbs \u00e4ndern.<\/p>\n<p>Anbieter: ENXH.COM<\/p>\n<p>Service: WooCommerce <a href=\"https:\/\/automattic.com\/privacy\/\">View Service Datenschutzbestimmungen<\/a><\/p>\n<p>Typ: server_cookie<\/p>\n<p>L\u00e4uft ab in: Sitzung<\/p>\n<p>Name: PHPSESSID<\/p>\n<p>Zweck: Cookie, das von Anwendungen erzeugt wird, die auf der Sprache PHP basieren. Es handelt sich um eine allgemeine Kennung, die zur Verwaltung der Sitzungsvariablen des Benutzers verwendet wird. Normalerweise handelt es sich um eine zuf\u00e4llig generierte Zahl. Wie sie verwendet wird, h\u00e4ngt von der jeweiligen Website ab, aber ein gutes Beispiel ist die Aufrechterhaltung des Anmeldestatus eines Benutzers zwischen den Seiten.  <\/p>\n<p>Anbieter: ENXH.COM<\/p>\n<p>Dienst: PHP.net <a href=\"https:\/\/www.php.net\/privacy.php\">Service Datenschutzbestimmungen ansehen<\/a><\/p>\n<p>Typ: server_cookie<\/p>\n<p>L\u00e4uft ab in: Sitzung<\/p>\n<p><strong>Analyse- und Anpassungs-Cookies:<\/strong><\/p>\n<p>Diese Cookies sammeln Informationen, die entweder in zusammengefasster Form verwendet werden, um uns zu helfen, zu verstehen, wie unsere Website genutzt wird oder wie effektiv unsere Marketingkampagnen sind, oder um uns zu helfen, unsere Website f\u00fcr Sie anzupassen.<\/p>\n<p>Name: t.gif<\/p>\n<p>Anbieter: pixel.wp.com<\/p>\n<p>Typ: pixel_tracker<\/p>\n<p>L\u00e4uft ab in: Sitzung<\/p>\n<p>Name: tk_r3d<\/p>\n<p>Zweck: Das Cookie wird von JetPack installiert. Wird f\u00fcr die internen Metriken der Benutzeraktivit\u00e4ten verwendet, um das Benutzererlebnis zu verbessern. <\/p>\n<p>Anbieter: ENXH.COM<\/p>\n<p>Service: Jetpack <a href=\"https:\/\/jetpack.com\/support\/cookies\/\">Service ansehen Datenschutzbestimmungen<\/a><\/p>\n<p>Typ: http_cookie<\/p>\n<p>L\u00e4uft ab in: 2 Tagen<\/p>\n<p>Name: g.gif<\/p>\n<p>Anbieter: pixel.wp.com<\/p>\n<p>Typ: pixel_tracker<\/p>\n<p>L\u00e4uft ab in: Sitzung<\/p>\n<p><strong>Werbe-Cookies:<\/strong><\/p>\n<p>Diese Cookies werden verwendet, um Werbebotschaften f\u00fcr Sie relevanter zu machen. Sie erf\u00fcllen Funktionen wie das Verhindern, dass dieselbe Anzeige immer wieder erscheint, das Sicherstellen, dass Anzeigen f\u00fcr Werbetreibende richtig angezeigt werden, und in einigen F\u00e4llen die Auswahl von Anzeigen, die auf Ihren Interessen basieren. <\/p>\n<p>Name: wc_fragments_#<\/p>\n<p>Zweck: Wird verwendet, um sich an Artikel zu erinnern, die ein Benutzer in einen Einkaufswagen gelegt hat, und um sicherzustellen, dass die Warenkorbfunktionalit\u00e4t einwandfrei funktioniert.<\/p>\n<p>Anbieter: ENXH.COM<\/p>\n<p>Service: WooCommerce <a href=\"https:\/\/wordpress.org\/about\/privacy\/cookies\/\">View Service Datenschutzbestimmungen<\/a><\/p>\n<p>Typ: html_session_storage<\/p>\n<p>L\u00e4uft ab in: Sitzung<\/p>\n<p><strong>Nicht klassifizierte Cookies:<\/strong><\/p>\n<p>Dies sind Cookies, die noch nicht kategorisiert wurden. Wir sind gerade dabei, diese Cookies mit Hilfe ihrer Anbieter zu klassifizieren. <\/p>\n<p>Name: wc_cart_hash_043a7f079470c715d5d56d221eecfac2<\/p>\n<p>Anbieter: ENXH.COM<\/p>\n<p>Typ: html_local_storage<\/p>\n<p>L\u00e4uft ab in: persistent<\/p>\n<p>Name: sbjs_current<\/p>\n<p>Anbieter: .ENXH.COM<\/p>\n<p>Typ: http_cookie<\/p>\n<p>L\u00e4uft ab in: Sitzung<\/p>\n<p>Name: sbjs_udata<\/p>\n<p>Anbieter: .ENXH.COM<\/p>\n<p>Typ: http_cookie<\/p>\n<p>L\u00e4uft ab in: Sitzung<\/p>\n<p>Name: sbjs_first_add<\/p>\n<p>Anbieter: .ENXH.COM<\/p>\n<p>Typ: http_cookie<\/p>\n<p>L\u00e4uft ab in: Sitzung<\/p>\n<p>Name: tk_qs<\/p>\n<p>Anbieter: .ENXH.COM<\/p>\n<p>Typ: http_cookie<\/p>\n<p>L\u00e4uft ab in: 29 Minuten<\/p>\n<p>Name: wp_woocommerce_session_0d0c5353ba3676d9c3bc0723298b27ab<\/p>\n<p>Anbieter: ENXH.COM<\/p>\n<p>Typ: server_cookie<\/p>\n<p>L\u00e4uft ab in: 2 Tagen<\/p>\n<p>Name: sbjs_migrations<\/p>\n<p>Anbieter: .ENXH.COM<\/p>\n<p>L\u00e4uft ab in: Sitzung<\/p>\n<p>Name: wpEmojiSettingsSupports<\/p>\n<p>Anbieter: ENXH.COM<\/p>\n<p>Typ: html_session_storage<\/p>\n<p>L\u00e4uft ab in: Sitzung<\/p>\n<p>Name: tk_ai<\/p>\n<p>Anbieter: .ENXH.COM<\/p>\n<p>Typ: http_cookie<\/p>\n<p>L\u00e4uft ab in: 1 Jahr 1 Monat 4 Tage<\/p>\n<p>Name: sbjs_current_add<\/p>\n<p>Anbieter: .ENXH.COM<\/p>\n<p>Typ: http_cookie<\/p>\n<p>L\u00e4uft ab in: Sitzung<\/p>\n<p>Name: sbjs_session<\/p>\n<p>Anbieter: .ENXH.COM<\/p>\n<p>Typ: http_cookie<\/p>\n<p>L\u00e4uft ab in: 29 Minuten<\/p>\n<p>Name: sbjs_first<\/p>\n<p>Anbieter: .ENXH.COM<\/p>\n<p>Typ: http_cookie<\/p>\n<p>L\u00e4uft ab in: Sitzung<\/p>\n<p><strong>Wie kann ich Cookies in meinem Browser kontrollieren?<\/strong><\/p>\n<p>Da die Mittel, mit denen Sie Cookies \u00fcber die Steuerung Ihres Webbrowsers ablehnen k\u00f6nnen, von Browser zu Browser unterschiedlich sind, sollten Sie das Hilfemen\u00fc Ihres Browsers besuchen, um weitere Informationen zu erhalten. Im Folgenden finden Sie Informationen dar\u00fcber, wie Sie Cookies in den g\u00e4ngigsten Browsern verwalten k\u00f6nnen: <\/p>\n<p><a href=\"https:\/\/support.google.com\/chrome\/answer\/95647#zippy=%2Callow-or-block-cookies\">Chrom<\/a><\/p>\n<p><a href=\"https:\/\/support.microsoft.com\/en-us\/windows\/delete-and-manage-cookies-168dab11-0753-043d-7c16-ede5947fc64d\">Internet Explorer<\/a><\/p>\n<p><a href=\"https:\/\/support.mozilla.org\/en-US\/kb\/enhanced-tracking-protection-firefox-desktop?redirectslug=enable-and-disable-cookies-website-preferences&amp;redirectlocale=en-US\">Firefox<\/a><\/p>\n<p><a href=\"https:\/\/support.apple.com\/en-ie\/guide\/safari\/sfri11471\/mac\">Safari<\/a><\/p>\n<p><a href=\"https:\/\/support.microsoft.com\/en-us\/windows\/microsoft-edge-browsing-data-and-privacy-bb8174ba-9d73-dcf2-9b4a-c582b4e640dd\">Rand<\/a><\/p>\n<p><a href=\"https:\/\/help.opera.com\/en\/latest\/web-preferences\/\">Oper<\/a><\/p>\n<p>Dar\u00fcber hinaus bieten Ihnen die meisten Werbenetzwerke die M\u00f6glichkeit, gezielte Werbung abzulehnen. Wenn Sie weitere Informationen w\u00fcnschen, besuchen Sie bitte unsere Website: <\/p>\n<p><a href=\"http:\/\/www.aboutads.info\/choices\/\">Allianz f\u00fcr digitale Werbung<\/a><\/p>\n<p><a href=\"https:\/\/youradchoices.ca\/\">Digital Advertising Alliance of Canada<\/a><\/p>\n<p><a href=\"http:\/\/www.youronlinechoices.com\/\">Europ\u00e4ische Allianz f\u00fcr interaktive digitale Werbung<\/a><\/p>\n<p><strong>Was ist mit anderen Tracking-Technologien wie Web-Beacons?<\/strong><\/p>\n<p>Cookies sind nicht die einzige M\u00f6glichkeit, Besucher einer Website zu erkennen oder zu verfolgen. Wir k\u00f6nnen von Zeit zu Zeit andere, \u00e4hnliche Technologien verwenden, wie z.B. Web Beacons (manchmal auch &#8222;Z\u00e4hlpixel&#8220; oder &#8222;Clear Gifs&#8220; genannt). Dabei handelt es sich um winzige Grafikdateien, die eine eindeutige Kennung enthalten, mit der wir erkennen k\u00f6nnen, ob jemand unsere Website besucht oder eine E-Mail ge\u00f6ffnet hat, die sie enth\u00e4lt. Auf diese Weise k\u00f6nnen wir z.B. die Verkehrsmuster der Benutzer von einer Seite innerhalb einer Website zu einer anderen \u00fcberwachen, Cookies zustellen oder mit ihnen kommunizieren, verstehen, ob Sie \u00fcber eine Online-Werbung, die auf einer Website eines Dritten angezeigt wird, auf die Website gekommen sind, die Leistung der Website verbessern und den Erfolg von E-Mail-Marketingkampagnen messen. In vielen F\u00e4llen sind diese Technologien auf Cookies angewiesen, um ordnungsgem\u00e4\u00df zu funktionieren, so dass die Ablehnung von Cookies deren Funktion beeintr\u00e4chtigt.    <\/p>\n<p><strong>Verwenden Sie Flash-Cookies oder Local Shared Objects?<\/strong><\/p>\n<p>Websites k\u00f6nnen auch so genannte &#8222;Flash Cookies&#8220; (auch bekannt als Local Shared Objects oder &#8222;LSOs&#8220;) verwenden, um unter anderem Informationen \u00fcber Ihre Nutzung unserer Dienste zu sammeln und zu speichern, um Betrug vorzubeugen und um andere Funktionen der Website zu nutzen.<\/p>\n<p>Wenn Sie nicht m\u00f6chten, dass Flash-Cookies auf Ihrem Computer gespeichert werden, k\u00f6nnen Sie die Einstellungen Ihres Flash-Players so anpassen, dass die Speicherung von Flash-Cookies mit Hilfe der Tools in der  <a href=\"http:\/\/www.macromedia.com\/support\/documentation\/en\/flashplayer\/help\/settings_manager07.html\">Website-Speichereinstellungen Panel.<\/a>  Sie k\u00f6nnen Flash Cookies auch steuern, indem Sie im Men\u00fc  <a href=\"http:\/\/www.macromedia.com\/support\/documentation\/en\/flashplayer\/help\/settings_manager03.html\">Panel f\u00fcr globale Speichereinstellungen<\/a>  und befolgen Sie die Anweisungen (die z.B. Anweisungen enthalten k\u00f6nnen, wie Sie bestehende Flash-Cookies l\u00f6schen k\u00f6nnen (auf der Macromedia-Website als &#8222;Informationen&#8220; bezeichnet), wie Sie verhindern k\u00f6nnen, dass Flash-LSOs ungefragt auf Ihrem Computer abgelegt werden, und (f\u00fcr Flash Player 8 und h\u00f6her) wie Sie Flash-Cookies blockieren k\u00f6nnen, die nicht vom Betreiber der Seite, auf der Sie sich gerade befinden, geliefert werden).<\/p>\n<p>Bitte beachten Sie, dass die Einstellung des Flash-Players, die Annahme von Flash-Cookies einzuschr\u00e4nken oder zu begrenzen, die Funktionalit\u00e4t einiger Flash-Anwendungen einschr\u00e4nken oder behindern kann, darunter m\u00f6glicherweise auch Flash-Anwendungen, die in Verbindung mit unseren Diensten oder Online-Inhalten verwendet werden.<\/p>\n<p><strong>Schalten Sie gezielte Werbung?<\/strong><\/p>\n<p>Dritte k\u00f6nnen Cookies auf Ihrem Computer oder Mobilger\u00e4t ablegen, um Werbung \u00fcber unsere Website zu schalten. Diese Unternehmen k\u00f6nnen Informationen \u00fcber Ihre Besuche auf dieser und anderen Websites verwenden, um Ihnen relevante Werbung f\u00fcr Waren und Dienstleistungen anzubieten, an denen Sie interessiert sein k\u00f6nnten. Sie k\u00f6nnen auch Technologien einsetzen, die zur Messung der Effektivit\u00e4t von Werbung verwendet werden. Sie k\u00f6nnen dies erreichen, indem sie Cookies oder Web Beacons verwenden, um Informationen \u00fcber Ihre Besuche auf dieser und anderen Websites zu sammeln, damit sie Ihnen relevante Werbung \u00fcber Waren und Dienstleistungen anbieten k\u00f6nnen, die Sie m\u00f6glicherweise interessieren. Die auf diese Weise gesammelten Informationen erm\u00f6glichen es weder uns noch den Anbietern, Ihren Namen, Ihre Kontaktdaten oder andere Angaben, die Sie direkt identifizieren, zu ermitteln, es sei denn, Sie stellen diese freiwillig zur Verf\u00fcgung.<\/p>\n<p><strong>Wie oft werden Sie diese Cookie-Richtlinie aktualisieren?<\/strong><\/p>\n<p>Wir k\u00f6nnen diese Cookie-Richtlinie von Zeit zu Zeit aktualisieren, um z.B. \u00c4nderungen an den von uns verwendeten Cookies zu ber\u00fccksichtigen oder aus anderen betrieblichen, rechtlichen oder regulatorischen Gr\u00fcnden. Bitte lesen Sie daher diese Cookie-Richtlinie regelm\u00e4\u00dfig, um \u00fcber unsere Verwendung von Cookies und verwandten Technologien informiert zu bleiben.<\/p>\n<p>Das Datum oben auf dieser Cookie-Richtlinie zeigt an, wann sie zuletzt aktualisiert wurde.<\/p>\n<p><strong>Wo kann ich weitere Informationen erhalten?<\/strong><\/p>\n<p>Wenn Sie Fragen zu unserer Verwendung von Cookies oder anderen Technologien haben, senden Sie uns bitte eine E-Mail an <span \n                data-original-string='+aA05YN27+VtgA\/+JeE14w==127A4inKmQ687auDo4nLxvBBBJleEcvoWH2BT52u8CM1To='\n                class='apbct-email-encoder'\n                title='Dieser Kontakt wurde von Anti-Spam by CleanTalk verschl\u00fcsselt. Klicken Sie hier, um ihn zu entschl\u00fcsseln. Um die Entschl\u00fcsselung abzuschlie\u00dfen, stellen Sie sicher, dass JavaScript in Ihrem Browser aktiviert ist.'>as<span class=\"apbct-blur\">*********<\/span>@<span class=\"apbct-blur\">***<\/span>il.com<\/span> oder per Post an:<\/p>\n<p>A2 ALLIANCE LTD.<\/p>\n<p>71 &#8211; 75 Shelton Street WC2H 9JQ<\/p>\n<p>London WC2H 9JQ<\/p>\n<p>Vereinigtes K\u00f6nigreich<\/p>\n<p>Telefon: (+48)508482525<\/p>\n\t\t\n<style>\n#text-1448104234 {\n  text-align: left;\n}\n<\/style>\n\t<\/div>\n\t\n\n\t\t<\/div>\n\t\t\t\t\t<\/div>\n\n\t\n\n<\/div>\n\n\t\t<\/div>\n\n\t\t\n<style>\n#section_1967896359 {\n  padding-top: 40px;\n  padding-bottom: 40px;\n}\n<\/style>\n\t<\/section>\n\t\n\n","protected":false},"excerpt":{"rendered":"","protected":false},"author":1,"featured_media":0,"parent":0,"menu_order":0,"comment_status":"closed","ping_status":"closed","template":"page-blank.php","meta":{"footnotes":""},"class_list":["post-5979","page","type-page","status-publish","hentry"],"jetpack_sharing_enabled":true,"_links":{"self":[{"href":"https:\/\/enxh.com\/de\/wp-json\/wp\/v2\/pages\/5979","targetHints":{"allow":["GET"]}}],"collection":[{"href":"https:\/\/enxh.com\/de\/wp-json\/wp\/v2\/pages"}],"about":[{"href":"https:\/\/enxh.com\/de\/wp-json\/wp\/v2\/types\/page"}],"author":[{"embeddable":true,"href":"https:\/\/enxh.com\/de\/wp-json\/wp\/v2\/users\/1"}],"replies":[{"embeddable":true,"href":"https:\/\/enxh.com\/de\/wp-json\/wp\/v2\/comments?post=5979"}],"version-history":[{"count":1,"href":"https:\/\/enxh.com\/de\/wp-json\/wp\/v2\/pages\/5979\/revisions"}],"predecessor-version":[{"id":5980,"href":"https:\/\/enxh.com\/de\/wp-json\/wp\/v2\/pages\/5979\/revisions\/5980"}],"wp:attachment":[{"href":"https:\/\/enxh.com\/de\/wp-json\/wp\/v2\/media?parent=5979"}],"curies":[{"name":"wp","href":"https:\/\/api.w.org\/{rel}","templated":true}]}}