{"id":5967,"date":"2024-03-20T11:56:20","date_gmt":"2024-03-20T08:56:20","guid":{"rendered":"https:\/\/enxh.com\/rueckerstattung-und-rueckgabebedingungen\/"},"modified":"2024-12-25T20:26:14","modified_gmt":"2024-12-25T17:26:14","slug":"rueckerstattung-und-rueckgabebedingungen","status":"publish","type":"page","link":"https:\/\/enxh.com\/de\/rueckerstattung-und-rueckgabebedingungen\/","title":{"rendered":"R\u00fcckerstattung und R\u00fcckgabebedingungen"},"content":{"rendered":"\n\t<div id=\"gap-1957641363\" class=\"gap-element clearfix\" style=\"display:block; height:auto;\">\n\t\t\n<style>\n#gap-1957641363 {\n  padding-top: 80px;\n}\n<\/style>\n\t<\/div>\n\t\n\n\t<div id=\"text-725202593\" class=\"text\">\n\t\t\n\n<h2 class=\"uppercase\">R\u00dcCKGABE-POLITIK<\/h2>\n\t\t\n<style>\n#text-725202593 {\n  font-size: 0.8rem;\n  text-align: center;\n  color: rgb(0, 0, 0);\n}\n#text-725202593 > * {\n  color: rgb(0, 0, 0);\n}\n@media (min-width:550px) {\n  #text-725202593 {\n    font-size: 0.8rem;\n  }\n}\n@media (min-width:850px) {\n  #text-725202593 {\n    font-size: 1.65rem;\n  }\n}\n<\/style>\n\t<\/div>\n\t\n\n\t<section class=\"section\" id=\"section_1703271965\">\n\t\t<div class=\"section-bg fill\" >\n\t\t\t\t\t\t\t\t\t\n\t\t\t\n\n\t\t<\/div>\n\n\t\t\n\n\t\t<div class=\"section-content relative\">\n\t\t\t\n\n<div class=\"row\"  id=\"row-2117155250\">\n\n\n\t<div id=\"col-234071901\" class=\"col small-12 large-12\"  >\n\t\t\t\t<div class=\"col-inner text-center\"  >\n\t\t\t\n\t\t\t\n\n\t<div id=\"text-2177329357\" class=\"text\">\n\t\t\n\n<p>Vielen Dank, dass Sie ENXH.COM f\u00fcr Ihren Einkauf gew\u00e4hlt haben. Wir sind bestrebt, dass Sie mit jedem Kauf zufrieden sind. Bitte lesen Sie die folgenden Richtlinien, um unsere Vorgehensweise bei R\u00fccksendungen zu verstehen:  <\/p>\n\t\t\n<style>\n#text-2177329357 {\n  font-size: 1rem;\n  text-align: center;\n}\n<\/style>\n\t<\/div>\n\t\n\n\t\t<\/div>\n\t\t\t\t\t<\/div>\n\n\t\n\n<\/div>\n\n\t\t<\/div>\n\n\t\t\n<style>\n#section_1703271965 {\n  padding-top: 40px;\n  padding-bottom: 40px;\n}\n<\/style>\n\t<\/section>\n\t\n<div class=\"row\"  id=\"row-1308514560\">\n\n\n\t<div id=\"col-1913312499\" class=\"col medium-3 small-12 large-3\"  >\n\t\t\t\t<div class=\"col-inner\"  >\n\t\t\t\n\t\t\t\n\n\t<div id=\"text-2691475906\" class=\"text\">\n\t\t\n\n<h4>R\u00dcCKGABE ANFRAGE<\/h4>\n\t\t\n<style>\n#text-2691475906 {\n  font-size: 0.75rem;\n}\n<\/style>\n\t<\/div>\n\t\n\n\t\t<\/div>\n\t\t\t\t\t<\/div>\n\n\t\n\n\t<div id=\"col-2037027794\" class=\"col medium-3 small-12 large-3\"  >\n\t\t\t\t<div class=\"col-inner\"  >\n\t\t\t\n\t\t\t\n\n\t<div id=\"text-2040435774\" class=\"text\">\n\t\t\n\n<h4>R\u00dcCKGABE DES PRODUKTS<\/h4>\n\t\t\n<style>\n#text-2040435774 {\n  font-size: 0.75rem;\n}\n<\/style>\n\t<\/div>\n\t\n\n\t\t<\/div>\n\t\t\t\t\t<\/div>\n\n\t\n\n\t<div id=\"col-814291889\" class=\"col medium-3 small-12 large-3\"  >\n\t\t\t\t<div class=\"col-inner\"  >\n\t\t\t\n\t\t\t\n\n\t<div id=\"text-2614308338\" class=\"text\">\n\t\t\n\n<h4>PRODUKTPR\u00dcFUNG UND -GENEHMIGUNG<\/h4>\n\t\t\n<style>\n#text-2614308338 {\n  font-size: 0.75rem;\n}\n<\/style>\n\t<\/div>\n\t\n\n\t\t<\/div>\n\t\t\t\t\t<\/div>\n\n\t\n\n\t<div id=\"col-358763952\" class=\"col medium-3 small-12 large-3\"  >\n\t\t\t\t<div class=\"col-inner\"  >\n\t\t\t\n\t\t\t\n\n\t<div id=\"text-1912865818\" class=\"text\">\n\t\t\n\n<h4>ABSCHLUSS DES R\u00dcCKGABEPROZESSES<br>\n<\/h4>\n\t\t\n<style>\n#text-1912865818 {\n  font-size: 0.75rem;\n}\n<\/style>\n\t<\/div>\n\t\n\n\t\t<\/div>\n\t\t\t\t\t<\/div>\n\n\t\n\n<\/div>\n\n\t<section class=\"section\" id=\"section_304618895\">\n\t\t<div class=\"section-bg fill\" >\n\t\t\t\t\t\t\t\t\t\n\t\t\t\n\n\t\t<\/div>\n\n\t\t\n\n\t\t<div class=\"section-content relative\">\n\t\t\t\n\n<div class=\"row\"  id=\"row-198887685\">\n\n\n\t<div id=\"col-438473597\" class=\"col small-12 large-12\"  >\n\t\t\t\t<div class=\"col-inner text-center\"  >\n\t\t\t\n\t\t\t\n\n\t<div id=\"text-635479807\" class=\"text\">\n\t\t\n\n<h3><strong>R\u00fcckgabeberechtigung:<\/strong><\/h3>\n<p>Sie k\u00f6nnen die meisten bei ENXH.COM gekauften Produkte innerhalb von 14 Tagen nach dem Kaufdatum zur\u00fcckgeben.<br>Um f\u00fcr eine R\u00fcckgabe in Frage zu kommen, muss der Artikel unbenutzt, originalverpackt und in demselben Zustand sein, in dem Sie ihn erhalten haben.<br>Gebrauchte Produkte sind von der R\u00fcckgabe ausgeschlossen, es sei denn, sie sind bei Erhalt defekt oder besch\u00e4digt.<\/p>\n<h3><strong>Eine R\u00fcckkehr einleiten:<\/strong><\/h3>\n<p>Um eine R\u00fccksendung zu veranlassen, kontaktieren Sie bitte unseren Kundenservice per E-Mail an <span \n                data-original-string='YgF+WTUOEeDV3edce3zEmw==127zIRBG2nj11H4XtAJOkP2UDD6ikeIvEe2PRN8qlBbXck='\n                class='apbct-email-encoder'\n                title='Dieser Kontakt wurde von Anti-Spam by CleanTalk verschl\u00fcsselt. Klicken Sie hier, um ihn zu entschl\u00fcsseln. Um die Entschl\u00fcsselung abzuschlie\u00dfen, stellen Sie sicher, dass JavaScript in Ihrem Browser aktiviert ist.'>as<span class=\"apbct-blur\">*********<\/span>@<span class=\"apbct-blur\">***<\/span>il.com<\/span>, um eine RMA-Nummer (Return Merchandise Authorization) anzufordern.<br>Bitte legen Sie bei einer R\u00fccksendung unbedingt einen Kaufnachweis vor, z. B. die Bestellnummer oder den Kassenbon.<\/p>\n<h3><strong>R\u00fccksendung:<\/strong><\/h3>\n<p>Der Kunde ist f\u00fcr die Kosten der R\u00fccksendung verantwortlich, es sei denn, die R\u00fccksendung ist auf einen Defekt, eine Besch\u00e4digung oder einen Fehler unsererseits zur\u00fcckzuf\u00fchren.<br>Wir empfehlen, einen verfolgbaren Versanddienst zu nutzen und eine Versandversicherung f\u00fcr wertvolle Artikel abzuschlie\u00dfen, da wir den Erhalt der zur\u00fcckgesandten Artikel nicht garantieren k\u00f6nnen.<\/p>\n<h3><strong>R\u00fccksendeadressen<\/strong><\/h3>\n<p>Sie k\u00f6nnen die Produkte, die Sie zur\u00fcckgeben m\u00f6chten, an eine der unten aufgef\u00fchrten Adressen schicken.<\/p>\n<p>Polen : Zygmunta Krasi\u0144skiego 6\/65, 20-709 Lublin \/ Polen<\/p>\n<p>T\u00fcrkei : Saltuklu Mah. Erenler Sok. \u0130hsan Apt. 21\/4 25700, Aziziye \/ Erzurum &#8211; T\u00fcrkei   <\/p>\n<h3><strong>Erstattungen:<\/strong><\/h3>\n<p>Nach Erhalt und Pr\u00fcfung Ihres zur\u00fcckgegebenen Artikels senden wir Ihnen eine E-Mail-Benachrichtigung, die den Erhalt des Artikels best\u00e4tigt.<br>Wenn die R\u00fcckgabe genehmigt wird, wird Ihnen automatisch der f\u00fcr den Artikel bezahlte Betrag (abz\u00fcglich der Versandkosten) zur\u00fcckerstattet. Das Geld wird Ihnen \u00fcber Ihre urspr\u00fcngliche Zahlungsmethode zur\u00fcckerstattet. <\/p>\n<p>Bitte denken Sie daran, dass es einige Zeit dauern kann, bis Ihre Bank, Ihr Kreditkartenunternehmen oder PayPal die Erstattung bearbeitet und verbucht hat.<\/p>\n<p>Bitte beachten Sie, dass die Versandkosten nicht erstattungsf\u00e4hig sind, es sei denn, die R\u00fccksendung ist auf einen Fehler unsererseits zur\u00fcckzuf\u00fchren.<\/p>\n<h3><strong>Tauschen Sie:<\/strong><\/h3>\n<p>Wenn Sie einen Artikel gegen eine andere Gr\u00f6\u00dfe, Farbe oder einen anderen Stil umtauschen m\u00f6chten, leiten Sie bitte eine R\u00fccksendung ein, indem Sie die oben genannten Anweisungen befolgen und eine neue Bestellung f\u00fcr den gew\u00fcnschten Artikel aufgeben.<\/p>\n<h3><strong>Schadenersatz und Fragen<\/strong><\/h3>\n<p>Bitte \u00fcberpr\u00fcfen Sie Ihre Bestellung bei Erhalt und kontaktieren Sie uns sofort, wenn der Artikel defekt oder besch\u00e4digt ist oder wenn Sie den falschen Artikel erhalten haben, damit wir das Problem beurteilen und beheben k\u00f6nnen.<\/p>\n<h3><strong>Versp\u00e4tete oder fehlende Erstattungen:<\/strong><\/h3>\n<p>Wenn Sie Ihre R\u00fcckerstattung nicht innerhalb des angegebenen Zeitraums erhalten haben, \u00fcberpr\u00fcfen Sie bitte zun\u00e4chst Ihr Bankkonto oder Ihre Kreditkartenabrechnung.<br>Wenn Sie die R\u00fcckerstattung immer noch nicht erhalten haben, wenden Sie sich bitte umgehend an uns, um weitere Unterst\u00fctzung zu erhalten.<\/p>\n<h3><strong>Ausnahmen \/ Nicht r\u00fcckgabef\u00e4hige Artikel<\/strong><\/h3>\n<p>Bestimmte Arten von Artikeln k\u00f6nnen nicht zur\u00fcckgegeben werden, wie z.B. Sonderanfertigungen (spezielle Bestellungen oder personalisierte Artikel). Bitte setzen Sie sich mit uns in Verbindung, wenn Sie Fragen oder Bedenken zu Ihrem speziellen Artikel haben. <\/p>\n<h3><strong>Kontaktinformationen:<\/strong><\/h3>\n<p>Wenn Sie Fragen oder Bedenken zu unserem R\u00fcckgaberecht haben, z\u00f6gern Sie bitte nicht, uns unter <span \n                data-original-string='NduXvs89igECaSnreh0r2w==127UhRa5d7A6KjrxfrDHBjGq+cr8mvPlmZPyD5lPJxen8A='\n                class='apbct-email-encoder'\n                title='Dieser Kontakt wurde von Anti-Spam by CleanTalk verschl\u00fcsselt. Klicken Sie hier, um ihn zu entschl\u00fcsseln. Um die Entschl\u00fcsselung abzuschlie\u00dfen, stellen Sie sicher, dass JavaScript in Ihrem Browser aktiviert ist.'>as<span class=\"apbct-blur\">*********<\/span>@<span class=\"apbct-blur\">***<\/span>il.com<\/span> zu kontaktieren.<\/p>\n<p>ENXH.COM beh\u00e4lt sich das Recht vor, diese R\u00fcckgabebedingungen jederzeit und ohne vorherige Ank\u00fcndigung zu aktualisieren oder zu \u00e4ndern. Wenn Sie einen Kauf auf unserer Website t\u00e4tigen, erkl\u00e4ren Sie sich damit einverstanden, sich an die in dieser Richtlinie aufgef\u00fchrten Bedingungen zu halten. <\/p>\n\t\t\n<style>\n#text-635479807 {\n  text-align: left;\n}\n<\/style>\n\t<\/div>\n\t\n\n\t\t<\/div>\n\t\t\t\t\t<\/div>\n\n\t\n\n<\/div>\n\n\t\t<\/div>\n\n\t\t\n<style>\n#section_304618895 {\n  padding-top: 40px;\n  padding-bottom: 40px;\n}\n<\/style>\n\t<\/section>\n\t\n\n","protected":false},"excerpt":{"rendered":"","protected":false},"author":1,"featured_media":0,"parent":0,"menu_order":0,"comment_status":"closed","ping_status":"closed","template":"page-blank.php","meta":{"footnotes":""},"class_list":["post-5967","page","type-page","status-publish","hentry"],"jetpack_sharing_enabled":true,"_links":{"self":[{"href":"https:\/\/enxh.com\/de\/wp-json\/wp\/v2\/pages\/5967","targetHints":{"allow":["GET"]}}],"collection":[{"href":"https:\/\/enxh.com\/de\/wp-json\/wp\/v2\/pages"}],"about":[{"href":"https:\/\/enxh.com\/de\/wp-json\/wp\/v2\/types\/page"}],"author":[{"embeddable":true,"href":"https:\/\/enxh.com\/de\/wp-json\/wp\/v2\/users\/1"}],"replies":[{"embeddable":true,"href":"https:\/\/enxh.com\/de\/wp-json\/wp\/v2\/comments?post=5967"}],"version-history":[{"count":1,"href":"https:\/\/enxh.com\/de\/wp-json\/wp\/v2\/pages\/5967\/revisions"}],"predecessor-version":[{"id":5968,"href":"https:\/\/enxh.com\/de\/wp-json\/wp\/v2\/pages\/5967\/revisions\/5968"}],"wp:attachment":[{"href":"https:\/\/enxh.com\/de\/wp-json\/wp\/v2\/media?parent=5967"}],"curies":[{"name":"wp","href":"https:\/\/api.w.org\/{rel}","templated":true}]}}