{"id":5913,"date":"2013-08-11T19:22:53","date_gmt":"2013-08-11T16:22:53","guid":{"rendered":"https:\/\/enxh.com\/kontakt\/"},"modified":"2024-12-25T20:26:02","modified_gmt":"2024-12-25T17:26:02","slug":"kontakt","status":"publish","type":"page","link":"https:\/\/enxh.com\/de\/kontakt\/","title":{"rendered":"KONTAKT"},"content":{"rendered":"\n\t<div id=\"gap-1757201300\" class=\"gap-element clearfix\" style=\"display:block; height:auto;\">\n\t\t\n<style>\n#gap-1757201300 {\n  padding-top: 80px;\n}\n<\/style>\n\t<\/div>\n\t\n\n\t<div id=\"text-626783298\" class=\"text\">\n\t\t\n\n<h2 class=\"uppercase\">KONTAKTIEREN SIE UNS<\/h2>\n\t\t\n<style>\n#text-626783298 {\n  font-size: 0.8rem;\n  text-align: center;\n  color: rgb(0, 0, 0);\n}\n#text-626783298 > * {\n  color: rgb(0, 0, 0);\n}\n@media (min-width:550px) {\n  #text-626783298 {\n    font-size: 0.8rem;\n  }\n}\n@media (min-width:850px) {\n  #text-626783298 {\n    font-size: 1.65rem;\n  }\n}\n<\/style>\n\t<\/div>\n\t\n\n\t<section class=\"section\" id=\"section_424257524\">\n\t\t<div class=\"section-bg fill\" >\n\t\t\t\t\t\t\t\t\t\n\t\t\t\n\n\t\t<\/div>\n\n\t\t\n\n\t\t<div class=\"section-content relative\">\n\t\t\t\n\n<div class=\"row\"  id=\"row-3604071\">\n\n\n\t<div id=\"col-1770763332\" class=\"col small-12 large-12\"  >\n\t\t\t\t<div class=\"col-inner text-center\"  >\n\t\t\t\n\t\t\t\n\n\t<div id=\"text-2308967822\" class=\"text\">\n\t\t\n\n<p>Unser Team ist bestrebt, Ihnen einen exzellenten Kundenservice zu bieten und daf\u00fcr zu sorgen, dass Sie ein tolles Einkaufserlebnis haben. Wenn Sie Fragen haben oder Hilfe bei der Suche nach einem bestimmten Produkt ben\u00f6tigen, z\u00f6gern Sie nicht, uns zu kontaktieren. <\/p>\n\t\t\n<style>\n#text-2308967822 {\n  font-size: 1rem;\n  text-align: center;\n}\n<\/style>\n\t<\/div>\n\t\n\t<div id=\"gap-522002324\" class=\"gap-element clearfix\" style=\"display:block; height:auto;\">\n\t\t\n<style>\n#gap-522002324 {\n  padding-top: 50px;\n}\n<\/style>\n\t<\/div>\n\t\n\n<div class=\"row\"  id=\"row-563620804\">\n\n\n\t<div id=\"col-471225645\" class=\"col medium-6 small-12 large-6\"  >\n\t\t\t\t<div class=\"col-inner\"  >\n\t\t\t\n\t\t\t\n\n\t<div class=\"img has-hover x md-x lg-x y md-y lg-y\" id=\"image_812956782\">\n\t\t\t\t\t\t\t\t<div class=\"img-inner dark\" >\n\t\t\t<img loading=\"lazy\" decoding=\"async\" width=\"750\" height=\"500\" src=\"https:\/\/enxh.com\/wp-content\/uploads\/2024\/03\/contact_uss.jpg\" class=\"attachment-large size-large\" alt=\"\" srcset=\"https:\/\/enxh.com\/wp-content\/uploads\/2024\/03\/contact_uss.jpg 750w, https:\/\/enxh.com\/wp-content\/uploads\/2024\/03\/contact_uss-600x400.jpg 600w\" sizes=\"auto, (max-width: 750px) 100vw, 750px\" \/>\t\t\t\t\t\t\n\t\t\t\t\t<\/div>\n\t\t\t\t\t\t\t\t\n<style>\n#image_812956782 {\n  width: 100%;\n}\n<\/style>\n\t<\/div>\n\t\n\n\n\t\t<\/div>\n\t\t\t\t\t<\/div>\n\n\t\n\n\t<div id=\"col-732479860\" class=\"col medium-6 small-12 large-6\"  >\n\t\t\t\t<div class=\"col-inner\"  >\n\t\t\t\n\t\t\t\n\n\t<div id=\"gap-17510769\" class=\"gap-element clearfix\" style=\"display:block; height:auto;\">\n\t\t\n<style>\n#gap-17510769 {\n  padding-top: 30px;\n}\n<\/style>\n\t<\/div>\n\t\n\n\t<div id=\"text-3331769866\" class=\"text\">\n\t\t\n\n<h4>TELEFON &amp; WHATSAPP<\/h4>\n<p>+44 7777 46 57 37<\/p>\n\n\t\t\n<style>\n#text-3331769866 {\n  color: rgb(0,0,0);\n}\n#text-3331769866 > * {\n  color: rgb(0,0,0);\n}\n<\/style>\n\t<\/div>\n\t\n<div class=\"is-divider divider clearfix\" ><\/div>\n\n\t<div id=\"text-3686022404\" class=\"text\">\n\t\t\n\n<h4>EMAIL<\/h4>\n<p><span \n                data-original-string='crYe3pBEyCFfgdj6v2f3uw==127QqdKVEsZIm0EIsl4kXQQphHXhrgCpTdVXNTq8v9Xhek='\n                class='apbct-email-encoder'\n                title='Dieser Kontakt wurde von Anti-Spam by CleanTalk verschl\u00fcsselt. Klicken Sie hier, um ihn zu entschl\u00fcsseln. Um die Entschl\u00fcsselung abzuschlie\u00dfen, stellen Sie sicher, dass JavaScript in Ihrem Browser aktiviert ist.'>en<span class=\"apbct-blur\">*******<\/span>@<span class=\"apbct-blur\">***<\/span>il.com<\/span><\/p>\n\n\t\t\n<style>\n#text-3686022404 {\n  text-align: center;\n  color: rgb(0,0,0);\n}\n#text-3686022404 > * {\n  color: rgb(0,0,0);\n}\n<\/style>\n\t<\/div>\n\t\n<div class=\"social-icons follow-icons\" ><a href=\"http:\/\/url\" target=\"_blank\" data-label=\"Facebook\" class=\"icon plain tooltip facebook\" title=\"Auf Facebook folgen\" aria-label=\"Auf Facebook folgen\" rel=\"noopener nofollow\"><i class=\"icon-facebook\" aria-hidden=\"true\"><\/i><\/a><a href=\"http:\/\/url\" target=\"_blank\" data-label=\"Instagram\" class=\"icon plain tooltip instagram\" title=\"Auf Instagram folgen\" aria-label=\"Auf Instagram folgen\" rel=\"noopener nofollow\"><i class=\"icon-instagram\" aria-hidden=\"true\"><\/i><\/a><a href=\"http:\/\/url\" data-label=\"Twitter\" target=\"_blank\" class=\"icon plain tooltip twitter\" title=\"Auf Twitter folgen\" aria-label=\"Auf Twitter folgen\" rel=\"noopener nofollow\"><i class=\"icon-twitter\" aria-hidden=\"true\"><\/i><\/a><a href=\"mailto:your@email\" data-label=\"E-mail\" target=\"_blank\" class=\"icon plain tooltip email\" title=\"Sende uns eine E-Mail\" aria-label=\"Sende uns eine E-Mail\" rel=\"nofollow noopener\"><i class=\"icon-envelop\" aria-hidden=\"true\"><\/i><\/a><\/div>\n\n\n\t\t<\/div>\n\t\t\t\t\t<\/div>\n\n\t\n\n<\/div>\n<div class=\"row\"  id=\"row-745566987\">\n\n\n\t<div id=\"col-1826314443\" class=\"col small-12 large-12\"  >\n\t\t\t\t<div class=\"col-inner\"  >\n\t\t\t\n\t\t\t\n\n\t<div id=\"gap-237841125\" class=\"gap-element clearfix\" style=\"display:block; height:auto;\">\n\t\t\n<style>\n#gap-237841125 {\n  padding-top: 40px;\n}\n<\/style>\n\t<\/div>\n\t\n\n\t<div id=\"text-954587852\" class=\"text\">\n\t\t\n\n<h2 class=\"uppercase\">Unsere Adressen<\/h2>\n<h3 class=\"thin-font\"><\/h3>\n\t\t\n<style>\n#text-954587852 {\n  font-size: 0.9rem;\n  text-align: center;\n}\n<\/style>\n\t<\/div>\n\t\n<div class=\"text-center\"><div class=\"is-divider divider clearfix\" ><\/div><\/div>\n\n<div class=\"row\"  id=\"row-1167723931\">\n\n\n\t<div id=\"col-990524586\" class=\"col medium-4 small-12 large-4\"  >\n\t\t\t\t<div class=\"col-inner\"  >\n\t\t\t\n\t\t\t\n\n\t<div id=\"text-3031839803\" class=\"text\">\n\t\t\n\n<h5 class=\"uppercase\">T\u00dcRK\u0130YE<\/h5>\n<p>Saltuklu Mah. Erenler Sk. \u0130hsan Apt. 21\/4 25700 Erzurum \/ T\u00fcrkiye   <\/p>\n\t\t\n<style>\n#text-3031839803 {\n  text-align: center;\n}\n<\/style>\n\t<\/div>\n\t\n\n\t\t<\/div>\n\t\t\t\t\t<\/div>\n\n\t\n\n\t<div id=\"col-745427000\" class=\"col medium-4 small-12 large-4\"  >\n\t\t\t\t<div class=\"col-inner\"  >\n\t\t\t\n\t\t\t\n\n\t<div id=\"text-1626857411\" class=\"text\">\n\t\t\n\n<h5 class=\"uppercase\">POLEN<\/h5>\n<p>Zygmunta Krasi\u0144skiego 6\/65, 20-709 Lublin \/ Polen<\/p>\n\t\t\n<style>\n#text-1626857411 {\n  text-align: center;\n}\n<\/style>\n\t<\/div>\n\t\n\n\t\t<\/div>\n\t\t\t\t\t<\/div>\n\n\t\n\n\t<div id=\"col-481200707\" class=\"col medium-4 small-12 large-4\"  >\n\t\t\t\t<div class=\"col-inner\"  >\n\t\t\t\n\t\t\t\n\n\t<div id=\"text-444381405\" class=\"text\">\n\t\t\n\n<h5 class=\"uppercase\">VEREINIGTES K\u00d6NIGREICH<\/h5>\n<p>71 &#8211; 75 Shelton Street, London, Vereinigtes K\u00f6nigreich, WC2H 9JQ<\/p>\n\t\t\n<style>\n#text-444381405 {\n  text-align: center;\n}\n<\/style>\n\t<\/div>\n\t\n\n\t\t<\/div>\n\t\t\t\t\t<\/div>\n\n\t\n\n<\/div>\n\n\t\t<\/div>\n\t\t\t\t\t<\/div>\n\n\t\n\n<\/div>\n\n\t\t<\/div>\n\t\t\t\t\t<\/div>\n\n\t\n\n<\/div>\n\n\t\t<\/div>\n\n\t\t\n<style>\n#section_424257524 {\n  padding-top: 40px;\n  padding-bottom: 40px;\n}\n<\/style>\n\t<\/section>\n\t\n\n","protected":false},"excerpt":{"rendered":"","protected":false},"author":1,"featured_media":0,"parent":0,"menu_order":0,"comment_status":"closed","ping_status":"closed","template":"page-blank.php","meta":{"footnotes":""},"class_list":["post-5913","page","type-page","status-publish","hentry"],"jetpack_sharing_enabled":true,"_links":{"self":[{"href":"https:\/\/enxh.com\/de\/wp-json\/wp\/v2\/pages\/5913","targetHints":{"allow":["GET"]}}],"collection":[{"href":"https:\/\/enxh.com\/de\/wp-json\/wp\/v2\/pages"}],"about":[{"href":"https:\/\/enxh.com\/de\/wp-json\/wp\/v2\/types\/page"}],"author":[{"embeddable":true,"href":"https:\/\/enxh.com\/de\/wp-json\/wp\/v2\/users\/1"}],"replies":[{"embeddable":true,"href":"https:\/\/enxh.com\/de\/wp-json\/wp\/v2\/comments?post=5913"}],"version-history":[{"count":2,"href":"https:\/\/enxh.com\/de\/wp-json\/wp\/v2\/pages\/5913\/revisions"}],"predecessor-version":[{"id":5928,"href":"https:\/\/enxh.com\/de\/wp-json\/wp\/v2\/pages\/5913\/revisions\/5928"}],"wp:attachment":[{"href":"https:\/\/enxh.com\/de\/wp-json\/wp\/v2\/media?parent=5913"}],"curies":[{"name":"wp","href":"https:\/\/api.w.org\/{rel}","templated":true}]}}