{"id":4779,"date":"2024-03-20T13:01:03","date_gmt":"2024-03-20T10:01:03","guid":{"rendered":"https:\/\/enxh.com\/versandpolitik\/"},"modified":"2024-12-25T20:21:44","modified_gmt":"2024-12-25T17:21:44","slug":"versandpolitik","status":"publish","type":"page","link":"https:\/\/enxh.com\/de\/versandpolitik\/","title":{"rendered":"Versandpolitik"},"content":{"rendered":"\n\t<div id=\"gap-2026461292\" class=\"gap-element clearfix\" style=\"display:block; height:auto;\">\n\t\t\n<style>\n#gap-2026461292 {\n  padding-top: 80px;\n}\n<\/style>\n\t<\/div>\n\t\n\n\t<div id=\"text-3097703653\" class=\"text\">\n\t\t\n\n<h2 class=\"uppercase\">Versandpolitik<\/h2>\n\t\t\n<style>\n#text-3097703653 {\n  font-size: 0.8rem;\n  text-align: center;\n  color: rgb(0, 0, 0);\n}\n#text-3097703653 > * {\n  color: rgb(0, 0, 0);\n}\n@media (min-width:550px) {\n  #text-3097703653 {\n    font-size: 0.8rem;\n  }\n}\n@media (min-width:850px) {\n  #text-3097703653 {\n    font-size: 1.65rem;\n  }\n}\n<\/style>\n\t<\/div>\n\t\n\n\t<section class=\"section\" id=\"section_1845129393\">\n\t\t<div class=\"section-bg fill\" >\n\t\t\t\t\t\t\t\t\t\n\t\t\t\n\n\t\t<\/div>\n\n\t\t\n\n\t\t<div class=\"section-content relative\">\n\t\t\t\n\n<div class=\"row\"  id=\"row-43173626\">\n\n\n\t<div id=\"col-95273012\" class=\"col small-12 large-12\"  >\n\t\t\t\t<div class=\"col-inner text-center\"  >\n\t\t\t\n\t\t\t\n\n\t<div id=\"text-3111564707\" class=\"text\">\n\t\t\n\n<p>Vielen Dank, dass Sie ENXH.COM Ihren Versand anvertraut haben. Wir f\u00fchlen uns geehrt, dass Sie sich f\u00fcr uns entschieden haben und sind bestrebt, Ihnen den au\u00dfergew\u00f6hnlichen Service zu bieten, den Sie verdienen. Ihr Vertrauen ist f\u00fcr uns von unsch\u00e4tzbarem Wert, und wir sind bestrebt, Ihnen einen reibungslosen und sicheren Ablauf von Anfang bis Ende zu gew\u00e4hrleisten.  <\/p>\n<p>Wir freuen uns darauf, Sie wieder zu bedienen und jede Sendung mit ENXH.COM zu einer positiven und zuverl\u00e4ssigen Erfahrung zu machen.<\/p>\n\t\t\n<style>\n#text-3111564707 {\n  font-size: 1rem;\n  text-align: center;\n}\n<\/style>\n\t<\/div>\n\t\n\n\t\t<\/div>\n\t\t\t\t\t<\/div>\n\n\t\n\n<\/div>\n\n\t\t<\/div>\n\n\t\t\n<style>\n#section_1845129393 {\n  padding-top: 40px;\n  padding-bottom: 40px;\n}\n<\/style>\n\t<\/section>\n\t\n<div class=\"row\"  id=\"row-1955620004\">\n\n\n\t<div id=\"col-1290388135\" class=\"col medium-3 small-12 large-3\"  >\n\t\t\t\t<div class=\"col-inner\"  >\n\t\t\t\n\t\t\t\n\n\t<div id=\"text-2723775042\" class=\"text\">\n\t\t\n\n<h4>KAUFEN<\/h4>\n\t\t\n<style>\n#text-2723775042 {\n  font-size: 0.75rem;\n}\n<\/style>\n\t<\/div>\n\t\n\n\t\t<\/div>\n\t\t\t\t\t<\/div>\n\n\t\n\n\t<div id=\"col-989747563\" class=\"col medium-3 small-12 large-3\"  >\n\t\t\t\t<div class=\"col-inner\"  >\n\t\t\t\n\t\t\t\n\n\t<div id=\"text-2549773140\" class=\"text\">\n\t\t\n\n<h4>VERPACKUNG &amp; VERSAND<\/h4>\n\t\t\n<style>\n#text-2549773140 {\n  font-size: 0.75rem;\n}\n<\/style>\n\t<\/div>\n\t\n\n\t\t<\/div>\n\t\t\t\t\t<\/div>\n\n\t\n\n\t<div id=\"col-348505643\" class=\"col medium-3 small-12 large-3\"  >\n\t\t\t\t<div class=\"col-inner\"  >\n\t\t\t\n\t\t\t\n\n\t<div id=\"text-104379242\" class=\"text\">\n\t\t\n\n<h4>TRACKING<\/h4>\n\t\t\n<style>\n#text-104379242 {\n  font-size: 0.75rem;\n}\n<\/style>\n\t<\/div>\n\t\n\n\t\t<\/div>\n\t\t\t\t\t<\/div>\n\n\t\n\n\t<div id=\"col-1488425035\" class=\"col medium-3 small-12 large-3\"  >\n\t\t\t\t<div class=\"col-inner\"  >\n\t\t\t\n\t\t\t\n\n\t<div id=\"text-972716064\" class=\"text\">\n\t\t\n\n<h4>  LIEFERUNG<br>\n<\/h4>\n\t\t\n<style>\n#text-972716064 {\n  font-size: 0.75rem;\n}\n<\/style>\n\t<\/div>\n\t\n\n\t\t<\/div>\n\t\t\t\t\t<\/div>\n\n\t\n\n<\/div>\n\n\t<section class=\"section\" id=\"section_1172994541\">\n\t\t<div class=\"section-bg fill\" >\n\t\t\t\t\t\t\t\t\t\n\t\t\t\n\n\t\t<\/div>\n\n\t\t\n\n\t\t<div class=\"section-content relative\">\n\t\t\t\n\n<div class=\"row\"  id=\"row-287879038\">\n\n\n\t<div id=\"col-155655172\" class=\"col small-12 large-12\"  >\n\t\t\t\t<div class=\"col-inner text-center\"  >\n\t\t\t\n\t\t\t\n\n\t<div id=\"text-1809937744\" class=\"text\">\n\t\t\n\n<h3><strong>Bearbeitungszeit<\/strong><\/h3>\n<p>Wir versenden Ihr Produkt innerhalb von 1 Tag nach Eingang Ihrer Bestellung. In Sto\u00dfzeiten kann dieser Zeitraum bis zu 3 Tage dauern. <\/p>\n<p>Sie erhalten eine Versandbest\u00e4tigung per E-Mail, wenn wir das von Ihnen gekaufte Produkt versenden. Diese E-Mail enth\u00e4lt Einzelheiten zu Ihrer Bestellung, eine eindeutige Tracking-Nummer und Anweisungen, wie Sie diese Nummer verwenden k\u00f6nnen, um den Status und den Fortschritt Ihrer Sendung zu verfolgen. <\/p>\n<h3><strong>Z\u00f6lle, Abgaben und Steuern<\/strong><\/h3>\n<p>ENXH.COM ist nicht verantwortlich f\u00fcr Z\u00f6lle, Steuern oder Geb\u00fchren, die auf Ihre Bestellung erhoben werden. Alle Geb\u00fchren, die w\u00e4hrend oder nach dem Versand erhoben werden, liegen in der alleinigen Verantwortung des Kunden. Dazu k\u00f6nnen Z\u00f6lle, Steuern, Einfuhrz\u00f6lle oder andere Abgaben geh\u00f6ren, die Ihre \u00f6rtlichen Zoll- oder Steuerbeh\u00f6rden erheben k\u00f6nnen. Es ist sehr wichtig, dass Sie die Einfuhrbestimmungen Ihres Landes kennen und sich \u00fcber m\u00f6gliche Geb\u00fchren informieren, die bei Bestellungen aus dem Ausland anfallen k\u00f6nnen.   <\/p>\n<h3><strong>Besch\u00e4digte Sendungen:<\/strong><\/h3>\n<p>Obwohl wir Ihre Bestellungen mit gro\u00dfer Sorgfalt verpacken, um eine sichere Lieferung zu gew\u00e4hrleisten, ist ENXH.COM nicht f\u00fcr auf dem Transportweg besch\u00e4digte oder verlorene Artikel verantwortlich. Wenn Sie Ihre Bestellung besch\u00e4digt erhalten, gehen Sie bitte wie folgt vor: <\/p>\n<p>Wenden Sie sich sofort an den Spediteur, um den Schaden zu melden. Dort wird man Ihnen sagen, welche Schritte Sie unternehmen m\u00fcssen. <\/p>\n<p>Bitte kontaktieren Sie uns auch, um die Situation zu melden, damit wir Ihnen bei der Schadensregulierung helfen k\u00f6nnen.<\/p>\n<p>Im Falle von besch\u00e4digten Artikeln bewahren Sie bitte alle Verpackungsmaterialien und besch\u00e4digten Artikel auf, da diese bei einer Reklamation ben\u00f6tigt werden k\u00f6nnten.<\/p>\n<p>Wir bem\u00fchen uns, alle mit dem Versand zusammenh\u00e4ngenden Probleme umgehend zu l\u00f6sen und Sie w\u00e4hrend des gesamten Reklamationsprozesses zu unterst\u00fctzen. Ihre Zufriedenheit ist unsere Priorit\u00e4t. <\/p>\n<h3><strong>R\u00fcckgaberecht<\/strong><\/h3>\n<p>F\u00fcr alle von ENXH.COM verkauften Produkte besteht ein kostenloses R\u00fcckgaberecht. Sie k\u00f6nnen das Produkt innerhalb von 14 Tagen nach dem Kaufdatum aus beliebigen Gr\u00fcnden zur\u00fcckgeben. Die Kosten f\u00fcr die R\u00fccksendung tr\u00e4gt der K\u00e4ufer. Wenn Sie Ihr Produkt zur\u00fcckgeben m\u00f6chten, kontaktieren Sie uns bitte \u00fcber unsere Kommunikationskan\u00e4le.  <\/p>\n<p>Wenn seit Ihrem Kauf bereits 14 Tage vergangen sind, k\u00f6nnen wir Ihnen leider keine R\u00fcckerstattung oder keinen Umtausch anbieten.<\/p>\n\t\t\n<style>\n#text-1809937744 {\n  text-align: left;\n}\n<\/style>\n\t<\/div>\n\t\n\n\t\t<\/div>\n\t\t\t\t\t<\/div>\n\n\t\n\n<\/div>\n\n\t\t<\/div>\n\n\t\t\n<style>\n#section_1172994541 {\n  padding-top: 40px;\n  padding-bottom: 40px;\n}\n<\/style>\n\t<\/section>\n\t\n\n","protected":false},"excerpt":{"rendered":"","protected":false},"author":1,"featured_media":0,"parent":0,"menu_order":0,"comment_status":"closed","ping_status":"closed","template":"page-blank.php","meta":{"footnotes":""},"class_list":["post-4779","page","type-page","status-publish","hentry"],"jetpack_sharing_enabled":true,"_links":{"self":[{"href":"https:\/\/enxh.com\/de\/wp-json\/wp\/v2\/pages\/4779","targetHints":{"allow":["GET"]}}],"collection":[{"href":"https:\/\/enxh.com\/de\/wp-json\/wp\/v2\/pages"}],"about":[{"href":"https:\/\/enxh.com\/de\/wp-json\/wp\/v2\/types\/page"}],"author":[{"embeddable":true,"href":"https:\/\/enxh.com\/de\/wp-json\/wp\/v2\/users\/1"}],"replies":[{"embeddable":true,"href":"https:\/\/enxh.com\/de\/wp-json\/wp\/v2\/comments?post=4779"}],"version-history":[{"count":1,"href":"https:\/\/enxh.com\/de\/wp-json\/wp\/v2\/pages\/4779\/revisions"}],"predecessor-version":[{"id":4794,"href":"https:\/\/enxh.com\/de\/wp-json\/wp\/v2\/pages\/4779\/revisions\/4794"}],"wp:attachment":[{"href":"https:\/\/enxh.com\/de\/wp-json\/wp\/v2\/media?parent=4779"}],"curies":[{"name":"wp","href":"https:\/\/api.w.org\/{rel}","templated":true}]}}